{"id":1001,"date":"2020-09-26T21:47:57","date_gmt":"2020-09-27T01:47:57","guid":{"rendered":"http:\/\/audeequilibres.com\/?page_id=1001"},"modified":"2020-11-14T13:37:00","modified_gmt":"2020-11-14T18:37:00","slug":"photos-detour","status":"publish","type":"page","link":"https:\/\/aude-art.com\/index.php\/photos\/photos-detour\/","title":{"rendered":"Photos &#8211; Detour"},"content":{"rendered":"\t\t<div data-elementor-type=\"wp-post\" data-elementor-id=\"1001\" class=\"elementor elementor-1001\" data-elementor-settings=\"[]\">\n\t\t\t\t\t\t<div class=\"elementor-inner\">\n\t\t\t\t\t\t\t<div class=\"elementor-section-wrap\">\n\t\t\t\t\t\t\t<section class=\"elementor-section elementor-top-section elementor-element elementor-element-65db9ff elementor-section-boxed elementor-section-height-default elementor-section-height-default\" data-id=\"65db9ff\" data-element_type=\"section\" data-settings=\"{&quot;background_background&quot;:&quot;classic&quot;}\">\n\t\t\t\t\t\t<div class=\"elementor-container elementor-column-gap-default\">\n\t\t\t\t\t\t\t<div class=\"elementor-row\">\n\t\t\t\t\t<div class=\"elementor-column elementor-col-100 elementor-top-column elementor-element elementor-element-ed75ec9\" data-id=\"ed75ec9\" data-element_type=\"column\">\n\t\t\t<div class=\"elementor-column-wrap elementor-element-populated\">\n\t\t\t\t\t\t\t<div class=\"elementor-widget-wrap\">\n\t\t\t\t\t\t<div class=\"elementor-element elementor-element-866c752 elementor-widget elementor-widget-heading\" data-id=\"866c752\" data-element_type=\"widget\" data-widget_type=\"heading.default\">\n\t\t\t\t<div class=\"elementor-widget-container\">\n\t\t\t<h2 class=\"elementor-heading-title elementor-size-default\"><br>PHOTOS<\/h2>\t\t<\/div>\n\t\t\t\t<\/div>\n\t\t\t\t\t\t<\/div>\n\t\t\t\t\t<\/div>\n\t\t<\/div>\n\t\t\t\t\t\t\t\t<\/div>\n\t\t\t\t\t<\/div>\n\t\t<\/section>\n\t\t\t\t<section class=\"elementor-section elementor-top-section elementor-element elementor-element-3fac78c elementor-section-boxed elementor-section-height-default elementor-section-height-default\" data-id=\"3fac78c\" data-element_type=\"section\" data-settings=\"{&quot;background_background&quot;:&quot;classic&quot;}\">\n\t\t\t\t\t\t<div class=\"elementor-container elementor-column-gap-default\">\n\t\t\t\t\t\t\t<div class=\"elementor-row\">\n\t\t\t\t\t<div class=\"elementor-column elementor-col-100 elementor-top-column elementor-element elementor-element-adec725\" data-id=\"adec725\" data-element_type=\"column\">\n\t\t\t<div class=\"elementor-column-wrap elementor-element-populated\">\n\t\t\t\t\t\t\t<div class=\"elementor-widget-wrap\">\n\t\t\t\t\t\t<div class=\"elementor-element elementor-element-6b76b70 elementor-widget elementor-widget-text-editor\" data-id=\"6b76b70\" data-element_type=\"widget\" data-widget_type=\"text-editor.default\">\n\t\t\t\t<div class=\"elementor-widget-container\">\n\t\t\t\t\t<div class=\"elementor-text-editor elementor-clearfix\"><p><strong>Festival D\u00e9tour<\/strong><\/p>\n<p>Num\u00e9ro d&rsquo;\u00e9quilibres sur cannes pour le Festival D\u00e9tour \u00e0 Rimouski.<br><br>D\u00e9cor vivant en mouvement sur le site du Festival D\u00e9tour avec \u00c9liane Bonin et Bianca EkOrion.<\/p>\n<p>Chor\u00e9graphe : \u00c9lise Legrand<\/p><\/div>\n\t\t\t\t<\/div>\n\t\t\t\t<\/div>\n\t\t\t\t<div class=\"elementor-element elementor-element-9064ba4 gallery-spacing-custom elementor-widget elementor-widget-image-gallery\" data-id=\"9064ba4\" data-element_type=\"widget\" data-widget_type=\"image-gallery.default\">\n\t\t\t\t<div class=\"elementor-widget-container\">\n\t\t\t\t\t<div class=\"elementor-image-gallery\">\n\t\t\t<div id='gallery-1' class='gallery galleryid-1001 gallery-columns-8 gallery-size-thumbnail'><figure class='gallery-item'>\n\t\t\t<div class='gallery-icon landscape'>\n\t\t\t\t<a data-elementor-open-lightbox=\"yes\" data-elementor-lightbox-slideshow=\"9064ba4\" data-elementor-lightbox-title=\"82279119_2051679251629183_7090685096650342400_o\" href='https:\/\/aude-art.com\/wp-content\/uploads\/2020\/09\/82279119_2051679251629183_7090685096650342400_o.jpg'><img width=\"150\" height=\"150\" src=\"https:\/\/aude-art.com\/wp-content\/uploads\/2020\/09\/82279119_2051679251629183_7090685096650342400_o-150x150.jpg\" class=\"attachment-thumbnail size-thumbnail\" alt=\"\" loading=\"lazy\" srcset=\"https:\/\/aude-art.com\/wp-content\/uploads\/2020\/09\/82279119_2051679251629183_7090685096650342400_o-150x150.jpg 150w, https:\/\/aude-art.com\/wp-content\/uploads\/2020\/09\/82279119_2051679251629183_7090685096650342400_o-360x360.jpg 360w\" sizes=\"(max-width: 150px) 100vw, 150px\" \/><\/a>\n\t\t\t<\/div><\/figure><figure class='gallery-item'>\n\t\t\t<div class='gallery-icon landscape'>\n\t\t\t\t<a data-elementor-open-lightbox=\"yes\" data-elementor-lightbox-slideshow=\"9064ba4\" data-elementor-lightbox-title=\"received_433086040650642\" href='https:\/\/aude-art.com\/wp-content\/uploads\/2020\/09\/received_433086040650642-scaled.jpeg'><img width=\"150\" height=\"150\" src=\"https:\/\/aude-art.com\/wp-content\/uploads\/2020\/09\/received_433086040650642-150x150.jpeg\" class=\"attachment-thumbnail size-thumbnail\" alt=\"\" loading=\"lazy\" srcset=\"https:\/\/aude-art.com\/wp-content\/uploads\/2020\/09\/received_433086040650642-150x150.jpeg 150w, https:\/\/aude-art.com\/wp-content\/uploads\/2020\/09\/received_433086040650642-360x360.jpeg 360w\" sizes=\"(max-width: 150px) 100vw, 150px\" \/><\/a>\n\t\t\t<\/div><\/figure>\n\t\t<\/div>\n\t\t<\/div>\n\t\t\t\t<\/div>\n\t\t\t\t<\/div>\n\t\t\t\t\t\t<\/div>\n\t\t\t\t\t<\/div>\n\t\t<\/div>\n\t\t\t\t\t\t\t\t<\/div>\n\t\t\t\t\t<\/div>\n\t\t<\/section>\n\t\t\t\t<section class=\"elementor-section elementor-top-section elementor-element elementor-element-d8dc797 elementor-section-boxed elementor-section-height-default elementor-section-height-default\" data-id=\"d8dc797\" data-element_type=\"section\" data-settings=\"{&quot;background_background&quot;:&quot;classic&quot;}\">\n\t\t\t\t\t\t<div class=\"elementor-container elementor-column-gap-default\">\n\t\t\t\t\t\t\t<div class=\"elementor-row\">\n\t\t\t\t\t<div class=\"elementor-column elementor-col-100 elementor-top-column elementor-element elementor-element-8f1b477\" data-id=\"8f1b477\" data-element_type=\"column\">\n\t\t\t<div class=\"elementor-column-wrap elementor-element-populated\">\n\t\t\t\t\t\t\t<div class=\"elementor-widget-wrap\">\n\t\t\t\t\t\t<div class=\"elementor-element elementor-element-f68e607 elementor-button-success elementor-align-center elementor-widget elementor-widget-button\" data-id=\"f68e607\" data-element_type=\"widget\" data-widget_type=\"button.default\">\n\t\t\t\t<div class=\"elementor-widget-container\">\n\t\t\t\t\t<div class=\"elementor-button-wrapper\">\n\t\t\t<a href=\"http:\/\/audeequilibres.com\/index.php\/photos\/\" class=\"elementor-button-link elementor-button elementor-size-md\" role=\"button\">\n\t\t\t\t\t\t<span class=\"elementor-button-content-wrapper\">\n\t\t\t\t\t\t<span class=\"elementor-button-text\">RETOUR <\/span>\n\t\t<\/span>\n\t\t\t\t\t<\/a>\n\t\t<\/div>\n\t\t\t\t<\/div>\n\t\t\t\t<\/div>\n\t\t\t\t\t\t<\/div>\n\t\t\t\t\t<\/div>\n\t\t<\/div>\n\t\t\t\t\t\t\t\t<\/div>\n\t\t\t\t\t<\/div>\n\t\t<\/section>\n\t\t\t\t\t\t<\/div>\n\t\t\t\t\t\t<\/div>\n\t\t\t\t\t<\/div>\n\t\t","protected":false},"excerpt":{"rendered":"<p>PHOTOS Festival D\u00e9tour Num\u00e9ro d&rsquo;\u00e9quilibres sur cannes pour le Festival D\u00e9tour \u00e0 Rimouski. D\u00e9cor vivant en mouvement sur le site [&hellip;]<\/p>\n","protected":false},"author":1,"featured_media":0,"parent":560,"menu_order":0,"comment_status":"closed","ping_status":"closed","template":"page-templates\/template_page-builder.php","meta":[],"_links":{"self":[{"href":"https:\/\/aude-art.com\/index.php\/wp-json\/wp\/v2\/pages\/1001"}],"collection":[{"href":"https:\/\/aude-art.com\/index.php\/wp-json\/wp\/v2\/pages"}],"about":[{"href":"https:\/\/aude-art.com\/index.php\/wp-json\/wp\/v2\/types\/page"}],"author":[{"embeddable":true,"href":"https:\/\/aude-art.com\/index.php\/wp-json\/wp\/v2\/users\/1"}],"replies":[{"embeddable":true,"href":"https:\/\/aude-art.com\/index.php\/wp-json\/wp\/v2\/comments?post=1001"}],"version-history":[{"count":8,"href":"https:\/\/aude-art.com\/index.php\/wp-json\/wp\/v2\/pages\/1001\/revisions"}],"predecessor-version":[{"id":2217,"href":"https:\/\/aude-art.com\/index.php\/wp-json\/wp\/v2\/pages\/1001\/revisions\/2217"}],"up":[{"embeddable":true,"href":"https:\/\/aude-art.com\/index.php\/wp-json\/wp\/v2\/pages\/560"}],"wp:attachment":[{"href":"https:\/\/aude-art.com\/index.php\/wp-json\/wp\/v2\/media?parent=1001"}],"curies":[{"name":"wp","href":"https:\/\/api.w.org\/{rel}","templated":true}]}}