{"id":1083,"date":"2020-09-26T21:59:11","date_gmt":"2020-09-27T01:59:11","guid":{"rendered":"http:\/\/audeequilibres.com\/?page_id=1083"},"modified":"2020-11-14T11:41:35","modified_gmt":"2020-11-14T16:41:35","slug":"photos-20e-cocktail","status":"publish","type":"page","link":"https:\/\/aude-art.com\/index.php\/photos\/photos-20e-cocktail\/","title":{"rendered":"Photos &#8211; 20e Cocktail"},"content":{"rendered":"\t\t<div data-elementor-type=\"wp-post\" data-elementor-id=\"1083\" class=\"elementor elementor-1083\" data-elementor-settings=\"[]\">\n\t\t\t\t\t\t<div class=\"elementor-inner\">\n\t\t\t\t\t\t\t<div class=\"elementor-section-wrap\">\n\t\t\t\t\t\t\t<section class=\"elementor-section elementor-top-section elementor-element elementor-element-65db9ff elementor-section-boxed elementor-section-height-default elementor-section-height-default\" data-id=\"65db9ff\" data-element_type=\"section\" data-settings=\"{&quot;background_background&quot;:&quot;classic&quot;}\">\n\t\t\t\t\t\t<div class=\"elementor-container elementor-column-gap-default\">\n\t\t\t\t\t\t\t<div class=\"elementor-row\">\n\t\t\t\t\t<div class=\"elementor-column elementor-col-100 elementor-top-column elementor-element elementor-element-ed75ec9\" data-id=\"ed75ec9\" data-element_type=\"column\">\n\t\t\t<div class=\"elementor-column-wrap elementor-element-populated\">\n\t\t\t\t\t\t\t<div class=\"elementor-widget-wrap\">\n\t\t\t\t\t\t<div class=\"elementor-element elementor-element-866c752 elementor-widget elementor-widget-heading\" data-id=\"866c752\" data-element_type=\"widget\" data-widget_type=\"heading.default\">\n\t\t\t\t<div class=\"elementor-widget-container\">\n\t\t\t<h2 class=\"elementor-heading-title elementor-size-default\"><br>PHOTOS<\/h2>\t\t<\/div>\n\t\t\t\t<\/div>\n\t\t\t\t\t\t<\/div>\n\t\t\t\t\t<\/div>\n\t\t<\/div>\n\t\t\t\t\t\t\t\t<\/div>\n\t\t\t\t\t<\/div>\n\t\t<\/section>\n\t\t\t\t<section class=\"elementor-section elementor-top-section elementor-element elementor-element-3fac78c elementor-section-boxed elementor-section-height-default elementor-section-height-default\" data-id=\"3fac78c\" data-element_type=\"section\" data-settings=\"{&quot;background_background&quot;:&quot;classic&quot;}\">\n\t\t\t\t\t\t<div class=\"elementor-container elementor-column-gap-default\">\n\t\t\t\t\t\t\t<div class=\"elementor-row\">\n\t\t\t\t\t<div class=\"elementor-column elementor-col-100 elementor-top-column elementor-element elementor-element-adec725\" data-id=\"adec725\" data-element_type=\"column\">\n\t\t\t<div class=\"elementor-column-wrap elementor-element-populated\">\n\t\t\t\t\t\t\t<div class=\"elementor-widget-wrap\">\n\t\t\t\t\t\t<div class=\"elementor-element elementor-element-6b76b70 elementor-widget elementor-widget-text-editor\" data-id=\"6b76b70\" data-element_type=\"widget\" data-widget_type=\"text-editor.default\">\n\t\t\t\t<div class=\"elementor-widget-container\">\n\t\t\t\t\t<div class=\"elementor-text-editor elementor-clearfix\"><p><strong>20e Cocktail Cirquantique<\/strong><\/p><p>Num\u00e9ro d&rsquo;\u00e9quilibres sur cannes pour le 20e Cocktail Cirquantique.<\/p><p>Fondatrices : Da\u00efna Michaud, M\u00e9lodie Martin Couture, Priscilla Dellazizzo et Marie-Jade Lemonde.<br \/>Photographes : Louis-Charles Dumais &amp; Aude<br \/>Lieu : Bain Mathieu, Montr\u00e9al<\/p><\/div>\n\t\t\t\t<\/div>\n\t\t\t\t<\/div>\n\t\t\t\t\t\t<\/div>\n\t\t\t\t\t<\/div>\n\t\t<\/div>\n\t\t\t\t\t\t\t\t<\/div>\n\t\t\t\t\t<\/div>\n\t\t<\/section>\n\t\t\t\t<section class=\"elementor-section elementor-top-section elementor-element elementor-element-d8dc797 elementor-section-boxed elementor-section-height-default elementor-section-height-default\" data-id=\"d8dc797\" data-element_type=\"section\" data-settings=\"{&quot;background_background&quot;:&quot;classic&quot;}\">\n\t\t\t\t\t\t<div class=\"elementor-container elementor-column-gap-default\">\n\t\t\t\t\t\t\t<div class=\"elementor-row\">\n\t\t\t\t\t<div class=\"elementor-column elementor-col-100 elementor-top-column elementor-element elementor-element-8f1b477\" data-id=\"8f1b477\" data-element_type=\"column\">\n\t\t\t<div class=\"elementor-column-wrap elementor-element-populated\">\n\t\t\t\t\t\t\t<div class=\"elementor-widget-wrap\">\n\t\t\t\t\t\t<div class=\"elementor-element elementor-element-f68e607 elementor-button-success elementor-align-center elementor-widget elementor-widget-button\" data-id=\"f68e607\" data-element_type=\"widget\" data-widget_type=\"button.default\">\n\t\t\t\t<div class=\"elementor-widget-container\">\n\t\t\t\t\t<div class=\"elementor-button-wrapper\">\n\t\t\t<a href=\"http:\/\/audeequilibres.com\/index.php\/photos\/\" class=\"elementor-button-link elementor-button elementor-size-md\" role=\"button\">\n\t\t\t\t\t\t<span class=\"elementor-button-content-wrapper\">\n\t\t\t\t\t\t<span class=\"elementor-button-text\">RETOUR <\/span>\n\t\t<\/span>\n\t\t\t\t\t<\/a>\n\t\t<\/div>\n\t\t\t\t<\/div>\n\t\t\t\t<\/div>\n\t\t\t\t\t\t<\/div>\n\t\t\t\t\t<\/div>\n\t\t<\/div>\n\t\t\t\t\t\t\t\t<\/div>\n\t\t\t\t\t<\/div>\n\t\t<\/section>\n\t\t\t\t<section class=\"elementor-section elementor-top-section elementor-element elementor-element-d36b05f elementor-section-boxed elementor-section-height-default elementor-section-height-default\" data-id=\"d36b05f\" data-element_type=\"section\">\n\t\t\t\t\t\t<div class=\"elementor-container elementor-column-gap-default\">\n\t\t\t\t\t\t\t<div class=\"elementor-row\">\n\t\t\t\t\t<div class=\"elementor-column elementor-col-16 elementor-top-column elementor-element elementor-element-1680047\" data-id=\"1680047\" data-element_type=\"column\">\n\t\t\t<div class=\"elementor-column-wrap elementor-element-populated\">\n\t\t\t\t\t\t\t<div class=\"elementor-widget-wrap\">\n\t\t\t\t\t\t<div class=\"elementor-element elementor-element-bf0ab94 elementor-widget elementor-widget-image\" data-id=\"bf0ab94\" data-element_type=\"widget\" data-widget_type=\"image.default\">\n\t\t\t\t<div class=\"elementor-widget-container\">\n\t\t\t\t\t<div class=\"elementor-image\">\n\t\t\t\t\t\t\t\t\t\t<img width=\"1024\" height=\"683\" src=\"https:\/\/aude-art.com\/wp-content\/uploads\/2020\/11\/CirquantiqueFe\u0301vrier2020@Louis-CharlesDumais-1155.jpg\" class=\"attachment-large size-large\" alt=\"\" loading=\"lazy\" srcset=\"https:\/\/aude-art.com\/wp-content\/uploads\/2020\/11\/CirquantiqueFe\u0301vrier2020@Louis-CharlesDumais-1155.jpg 1024w, https:\/\/aude-art.com\/wp-content\/uploads\/2020\/11\/CirquantiqueFe\u0301vrier2020@Louis-CharlesDumais-1155-300x200.jpg 300w, https:\/\/aude-art.com\/wp-content\/uploads\/2020\/11\/CirquantiqueFe\u0301vrier2020@Louis-CharlesDumais-1155-768x512.jpg 768w, https:\/\/aude-art.com\/wp-content\/uploads\/2020\/11\/CirquantiqueFe\u0301vrier2020@Louis-CharlesDumais-1155-720x480.jpg 720w\" sizes=\"(max-width: 1024px) 100vw, 1024px\" \/>\t\t\t\t\t\t\t\t\t\t\t<\/div>\n\t\t\t\t<\/div>\n\t\t\t\t<\/div>\n\t\t\t\t\t\t<\/div>\n\t\t\t\t\t<\/div>\n\t\t<\/div>\n\t\t\t\t<div class=\"elementor-column elementor-col-16 elementor-top-column elementor-element elementor-element-590c873\" data-id=\"590c873\" data-element_type=\"column\">\n\t\t\t<div class=\"elementor-column-wrap elementor-element-populated\">\n\t\t\t\t\t\t\t<div class=\"elementor-widget-wrap\">\n\t\t\t\t\t\t<div class=\"elementor-element elementor-element-264b1e8 elementor-widget elementor-widget-image\" data-id=\"264b1e8\" data-element_type=\"widget\" data-widget_type=\"image.default\">\n\t\t\t\t<div class=\"elementor-widget-container\">\n\t\t\t\t\t<div class=\"elementor-image\">\n\t\t\t\t\t\t\t\t\t\t<img width=\"1024\" height=\"576\" src=\"https:\/\/aude-art.com\/wp-content\/uploads\/2020\/09\/Cocktail-Ge\u0301ne\u0301rale-5-1024x576.jpg\" class=\"attachment-large size-large\" alt=\"\" loading=\"lazy\" srcset=\"https:\/\/aude-art.com\/wp-content\/uploads\/2020\/09\/Cocktail-Ge\u0301ne\u0301rale-5-1024x576.jpg 1024w, https:\/\/aude-art.com\/wp-content\/uploads\/2020\/09\/Cocktail-Ge\u0301ne\u0301rale-5-300x169.jpg 300w, https:\/\/aude-art.com\/wp-content\/uploads\/2020\/09\/Cocktail-Ge\u0301ne\u0301rale-5-768x432.jpg 768w, https:\/\/aude-art.com\/wp-content\/uploads\/2020\/09\/Cocktail-Ge\u0301ne\u0301rale-5-1536x864.jpg 1536w, https:\/\/aude-art.com\/wp-content\/uploads\/2020\/09\/Cocktail-Ge\u0301ne\u0301rale-5-720x405.jpg 720w, https:\/\/aude-art.com\/wp-content\/uploads\/2020\/09\/Cocktail-Ge\u0301ne\u0301rale-5.jpg 1920w\" sizes=\"(max-width: 1024px) 100vw, 1024px\" \/>\t\t\t\t\t\t\t\t\t\t\t<\/div>\n\t\t\t\t<\/div>\n\t\t\t\t<\/div>\n\t\t\t\t\t\t<\/div>\n\t\t\t\t\t<\/div>\n\t\t<\/div>\n\t\t\t\t<div class=\"elementor-column elementor-col-16 elementor-top-column elementor-element elementor-element-1aa4c6a\" data-id=\"1aa4c6a\" data-element_type=\"column\">\n\t\t\t<div class=\"elementor-column-wrap elementor-element-populated\">\n\t\t\t\t\t\t\t<div class=\"elementor-widget-wrap\">\n\t\t\t\t\t\t<div class=\"elementor-element elementor-element-0d86794 elementor-widget elementor-widget-image\" data-id=\"0d86794\" data-element_type=\"widget\" data-widget_type=\"image.default\">\n\t\t\t\t<div class=\"elementor-widget-container\">\n\t\t\t\t\t<div class=\"elementor-image\">\n\t\t\t\t\t\t\t\t\t\t<img width=\"1024\" height=\"683\" src=\"https:\/\/aude-art.com\/wp-content\/uploads\/2020\/09\/CirquantiqueFe\u0301vrier2020@Louis-CharlesDumais-1306.jpg\" class=\"attachment-large size-large\" alt=\"\" loading=\"lazy\" srcset=\"https:\/\/aude-art.com\/wp-content\/uploads\/2020\/09\/CirquantiqueFe\u0301vrier2020@Louis-CharlesDumais-1306.jpg 1024w, https:\/\/aude-art.com\/wp-content\/uploads\/2020\/09\/CirquantiqueFe\u0301vrier2020@Louis-CharlesDumais-1306-300x200.jpg 300w, https:\/\/aude-art.com\/wp-content\/uploads\/2020\/09\/CirquantiqueFe\u0301vrier2020@Louis-CharlesDumais-1306-768x512.jpg 768w, https:\/\/aude-art.com\/wp-content\/uploads\/2020\/09\/CirquantiqueFe\u0301vrier2020@Louis-CharlesDumais-1306-720x480.jpg 720w\" sizes=\"(max-width: 1024px) 100vw, 1024px\" \/>\t\t\t\t\t\t\t\t\t\t\t<\/div>\n\t\t\t\t<\/div>\n\t\t\t\t<\/div>\n\t\t\t\t\t\t<\/div>\n\t\t\t\t\t<\/div>\n\t\t<\/div>\n\t\t\t\t<div class=\"elementor-column elementor-col-16 elementor-top-column elementor-element elementor-element-1546eea\" data-id=\"1546eea\" data-element_type=\"column\">\n\t\t\t<div class=\"elementor-column-wrap elementor-element-populated\">\n\t\t\t\t\t\t\t<div class=\"elementor-widget-wrap\">\n\t\t\t\t\t\t<div class=\"elementor-element elementor-element-18d0839 elementor-widget elementor-widget-image\" data-id=\"18d0839\" data-element_type=\"widget\" data-widget_type=\"image.default\">\n\t\t\t\t<div class=\"elementor-widget-container\">\n\t\t\t\t\t<div class=\"elementor-image\">\n\t\t\t\t\t\t\t\t\t\t<img width=\"1024\" height=\"576\" src=\"https:\/\/aude-art.com\/wp-content\/uploads\/2020\/09\/Cocktail-Ge\u0301ne\u0301rale-10-1024x576.jpg\" class=\"attachment-large size-large\" alt=\"\" loading=\"lazy\" srcset=\"https:\/\/aude-art.com\/wp-content\/uploads\/2020\/09\/Cocktail-Ge\u0301ne\u0301rale-10-1024x576.jpg 1024w, https:\/\/aude-art.com\/wp-content\/uploads\/2020\/09\/Cocktail-Ge\u0301ne\u0301rale-10-300x169.jpg 300w, https:\/\/aude-art.com\/wp-content\/uploads\/2020\/09\/Cocktail-Ge\u0301ne\u0301rale-10-768x432.jpg 768w, https:\/\/aude-art.com\/wp-content\/uploads\/2020\/09\/Cocktail-Ge\u0301ne\u0301rale-10-1536x864.jpg 1536w, https:\/\/aude-art.com\/wp-content\/uploads\/2020\/09\/Cocktail-Ge\u0301ne\u0301rale-10-720x405.jpg 720w, https:\/\/aude-art.com\/wp-content\/uploads\/2020\/09\/Cocktail-Ge\u0301ne\u0301rale-10.jpg 1920w\" sizes=\"(max-width: 1024px) 100vw, 1024px\" \/>\t\t\t\t\t\t\t\t\t\t\t<\/div>\n\t\t\t\t<\/div>\n\t\t\t\t<\/div>\n\t\t\t\t\t\t<\/div>\n\t\t\t\t\t<\/div>\n\t\t<\/div>\n\t\t\t\t<div class=\"elementor-column elementor-col-16 elementor-top-column elementor-element elementor-element-0c5ea20\" data-id=\"0c5ea20\" data-element_type=\"column\">\n\t\t\t<div class=\"elementor-column-wrap elementor-element-populated\">\n\t\t\t\t\t\t\t<div class=\"elementor-widget-wrap\">\n\t\t\t\t\t\t<div class=\"elementor-element elementor-element-371d1de elementor-widget elementor-widget-image\" data-id=\"371d1de\" data-element_type=\"widget\" data-widget_type=\"image.default\">\n\t\t\t\t<div class=\"elementor-widget-container\">\n\t\t\t\t\t<div class=\"elementor-image\">\n\t\t\t\t\t\t\t\t\t\t<img width=\"1024\" height=\"576\" src=\"https:\/\/aude-art.com\/wp-content\/uploads\/2020\/09\/Cocktail-Ge\u0301ne\u0301rale-9-1024x576.jpg\" class=\"attachment-large size-large\" alt=\"\" loading=\"lazy\" srcset=\"https:\/\/aude-art.com\/wp-content\/uploads\/2020\/09\/Cocktail-Ge\u0301ne\u0301rale-9-1024x576.jpg 1024w, https:\/\/aude-art.com\/wp-content\/uploads\/2020\/09\/Cocktail-Ge\u0301ne\u0301rale-9-300x169.jpg 300w, https:\/\/aude-art.com\/wp-content\/uploads\/2020\/09\/Cocktail-Ge\u0301ne\u0301rale-9-768x432.jpg 768w, https:\/\/aude-art.com\/wp-content\/uploads\/2020\/09\/Cocktail-Ge\u0301ne\u0301rale-9-1536x864.jpg 1536w, https:\/\/aude-art.com\/wp-content\/uploads\/2020\/09\/Cocktail-Ge\u0301ne\u0301rale-9-720x405.jpg 720w, https:\/\/aude-art.com\/wp-content\/uploads\/2020\/09\/Cocktail-Ge\u0301ne\u0301rale-9.jpg 1920w\" sizes=\"(max-width: 1024px) 100vw, 1024px\" \/>\t\t\t\t\t\t\t\t\t\t\t<\/div>\n\t\t\t\t<\/div>\n\t\t\t\t<\/div>\n\t\t\t\t\t\t<\/div>\n\t\t\t\t\t<\/div>\n\t\t<\/div>\n\t\t\t\t<div class=\"elementor-column elementor-col-16 elementor-top-column elementor-element elementor-element-15e55e1\" data-id=\"15e55e1\" data-element_type=\"column\">\n\t\t\t<div class=\"elementor-column-wrap elementor-element-populated\">\n\t\t\t\t\t\t\t<div class=\"elementor-widget-wrap\">\n\t\t\t\t\t\t<div class=\"elementor-element elementor-element-f927fca elementor-widget elementor-widget-image\" data-id=\"f927fca\" data-element_type=\"widget\" data-widget_type=\"image.default\">\n\t\t\t\t<div class=\"elementor-widget-container\">\n\t\t\t\t\t<div class=\"elementor-image\">\n\t\t\t\t\t\t\t\t\t\t<img width=\"1024\" height=\"576\" src=\"https:\/\/aude-art.com\/wp-content\/uploads\/2020\/09\/Cocktail-Ge\u0301ne\u0301rale-1-1024x576.jpg\" class=\"attachment-large size-large\" alt=\"\" loading=\"lazy\" srcset=\"https:\/\/aude-art.com\/wp-content\/uploads\/2020\/09\/Cocktail-Ge\u0301ne\u0301rale-1-1024x576.jpg 1024w, https:\/\/aude-art.com\/wp-content\/uploads\/2020\/09\/Cocktail-Ge\u0301ne\u0301rale-1-300x169.jpg 300w, https:\/\/aude-art.com\/wp-content\/uploads\/2020\/09\/Cocktail-Ge\u0301ne\u0301rale-1-768x432.jpg 768w, https:\/\/aude-art.com\/wp-content\/uploads\/2020\/09\/Cocktail-Ge\u0301ne\u0301rale-1-1536x864.jpg 1536w, https:\/\/aude-art.com\/wp-content\/uploads\/2020\/09\/Cocktail-Ge\u0301ne\u0301rale-1-720x405.jpg 720w, https:\/\/aude-art.com\/wp-content\/uploads\/2020\/09\/Cocktail-Ge\u0301ne\u0301rale-1.jpg 1920w\" sizes=\"(max-width: 1024px) 100vw, 1024px\" \/>\t\t\t\t\t\t\t\t\t\t\t<\/div>\n\t\t\t\t<\/div>\n\t\t\t\t<\/div>\n\t\t\t\t\t\t<\/div>\n\t\t\t\t\t<\/div>\n\t\t<\/div>\n\t\t\t\t\t\t\t\t<\/div>\n\t\t\t\t\t<\/div>\n\t\t<\/section>\n\t\t\t\t<section class=\"elementor-section elementor-top-section elementor-element elementor-element-cff9b98 elementor-section-boxed elementor-section-height-default elementor-section-height-default\" data-id=\"cff9b98\" data-element_type=\"section\">\n\t\t\t\t\t\t<div class=\"elementor-container elementor-column-gap-default\">\n\t\t\t\t\t\t\t<div class=\"elementor-row\">\n\t\t\t\t\t<div class=\"elementor-column elementor-col-16 elementor-top-column elementor-element elementor-element-d32ed2b\" data-id=\"d32ed2b\" data-element_type=\"column\">\n\t\t\t<div class=\"elementor-column-wrap elementor-element-populated\">\n\t\t\t\t\t\t\t<div class=\"elementor-widget-wrap\">\n\t\t\t\t\t\t<div class=\"elementor-element elementor-element-39a99cb elementor-widget elementor-widget-image\" data-id=\"39a99cb\" data-element_type=\"widget\" data-widget_type=\"image.default\">\n\t\t\t\t<div class=\"elementor-widget-container\">\n\t\t\t\t\t<div class=\"elementor-image\">\n\t\t\t\t\t\t\t\t\t\t<img width=\"683\" height=\"1024\" src=\"https:\/\/aude-art.com\/wp-content\/uploads\/2020\/09\/CirquantiqueFe\u0301vrier2020@Louis-CharlesDumais-1301-683x1024.jpg\" class=\"attachment-large size-large\" alt=\"\" loading=\"lazy\" srcset=\"https:\/\/aude-art.com\/wp-content\/uploads\/2020\/09\/CirquantiqueFe\u0301vrier2020@Louis-CharlesDumais-1301-683x1024.jpg 683w, https:\/\/aude-art.com\/wp-content\/uploads\/2020\/09\/CirquantiqueFe\u0301vrier2020@Louis-CharlesDumais-1301-200x300.jpg 200w, https:\/\/aude-art.com\/wp-content\/uploads\/2020\/09\/CirquantiqueFe\u0301vrier2020@Louis-CharlesDumais-1301-768x1152.jpg 768w, https:\/\/aude-art.com\/wp-content\/uploads\/2020\/09\/CirquantiqueFe\u0301vrier2020@Louis-CharlesDumais-1301-720x1080.jpg 720w, https:\/\/aude-art.com\/wp-content\/uploads\/2020\/09\/CirquantiqueFe\u0301vrier2020@Louis-CharlesDumais-1301.jpg 1024w\" sizes=\"(max-width: 683px) 100vw, 683px\" \/>\t\t\t\t\t\t\t\t\t\t\t<\/div>\n\t\t\t\t<\/div>\n\t\t\t\t<\/div>\n\t\t\t\t\t\t<\/div>\n\t\t\t\t\t<\/div>\n\t\t<\/div>\n\t\t\t\t<div class=\"elementor-column elementor-col-16 elementor-top-column elementor-element elementor-element-94a9611\" data-id=\"94a9611\" data-element_type=\"column\">\n\t\t\t<div class=\"elementor-column-wrap elementor-element-populated\">\n\t\t\t\t\t\t\t<div class=\"elementor-widget-wrap\">\n\t\t\t\t\t\t<div class=\"elementor-element elementor-element-2dabcf1 elementor-widget elementor-widget-image\" data-id=\"2dabcf1\" data-element_type=\"widget\" data-widget_type=\"image.default\">\n\t\t\t\t<div class=\"elementor-widget-container\">\n\t\t\t\t\t<div class=\"elementor-image\">\n\t\t\t\t\t\t\t\t\t\t<img width=\"1024\" height=\"683\" src=\"https:\/\/aude-art.com\/wp-content\/uploads\/2020\/09\/CirquantiqueFe\u0301vrier2020@Louis-CharlesDumais-1270.jpg\" class=\"attachment-large size-large\" alt=\"\" loading=\"lazy\" srcset=\"https:\/\/aude-art.com\/wp-content\/uploads\/2020\/09\/CirquantiqueFe\u0301vrier2020@Louis-CharlesDumais-1270.jpg 1024w, https:\/\/aude-art.com\/wp-content\/uploads\/2020\/09\/CirquantiqueFe\u0301vrier2020@Louis-CharlesDumais-1270-300x200.jpg 300w, https:\/\/aude-art.com\/wp-content\/uploads\/2020\/09\/CirquantiqueFe\u0301vrier2020@Louis-CharlesDumais-1270-768x512.jpg 768w, https:\/\/aude-art.com\/wp-content\/uploads\/2020\/09\/CirquantiqueFe\u0301vrier2020@Louis-CharlesDumais-1270-720x480.jpg 720w\" sizes=\"(max-width: 1024px) 100vw, 1024px\" \/>\t\t\t\t\t\t\t\t\t\t\t<\/div>\n\t\t\t\t<\/div>\n\t\t\t\t<\/div>\n\t\t\t\t\t\t<\/div>\n\t\t\t\t\t<\/div>\n\t\t<\/div>\n\t\t\t\t<div class=\"elementor-column elementor-col-16 elementor-top-column elementor-element elementor-element-736aa46\" data-id=\"736aa46\" data-element_type=\"column\">\n\t\t\t<div class=\"elementor-column-wrap elementor-element-populated\">\n\t\t\t\t\t\t\t<div class=\"elementor-widget-wrap\">\n\t\t\t\t\t\t<div class=\"elementor-element elementor-element-1aec36e elementor-widget elementor-widget-image\" data-id=\"1aec36e\" data-element_type=\"widget\" data-widget_type=\"image.default\">\n\t\t\t\t<div class=\"elementor-widget-container\">\n\t\t\t\t\t<div class=\"elementor-image\">\n\t\t\t\t\t\t\t\t\t\t<img width=\"1024\" height=\"576\" src=\"https:\/\/aude-art.com\/wp-content\/uploads\/2020\/09\/Cocktail-Ge\u0301ne\u0301rale-7-1024x576.jpg\" class=\"attachment-large size-large\" alt=\"\" loading=\"lazy\" srcset=\"https:\/\/aude-art.com\/wp-content\/uploads\/2020\/09\/Cocktail-Ge\u0301ne\u0301rale-7-1024x576.jpg 1024w, https:\/\/aude-art.com\/wp-content\/uploads\/2020\/09\/Cocktail-Ge\u0301ne\u0301rale-7-300x169.jpg 300w, https:\/\/aude-art.com\/wp-content\/uploads\/2020\/09\/Cocktail-Ge\u0301ne\u0301rale-7-768x432.jpg 768w, https:\/\/aude-art.com\/wp-content\/uploads\/2020\/09\/Cocktail-Ge\u0301ne\u0301rale-7-1536x864.jpg 1536w, https:\/\/aude-art.com\/wp-content\/uploads\/2020\/09\/Cocktail-Ge\u0301ne\u0301rale-7-720x405.jpg 720w, https:\/\/aude-art.com\/wp-content\/uploads\/2020\/09\/Cocktail-Ge\u0301ne\u0301rale-7.jpg 1920w\" sizes=\"(max-width: 1024px) 100vw, 1024px\" \/>\t\t\t\t\t\t\t\t\t\t\t<\/div>\n\t\t\t\t<\/div>\n\t\t\t\t<\/div>\n\t\t\t\t\t\t<\/div>\n\t\t\t\t\t<\/div>\n\t\t<\/div>\n\t\t\t\t<div class=\"elementor-column elementor-col-16 elementor-top-column elementor-element elementor-element-480a735\" data-id=\"480a735\" data-element_type=\"column\">\n\t\t\t<div class=\"elementor-column-wrap elementor-element-populated\">\n\t\t\t\t\t\t\t<div class=\"elementor-widget-wrap\">\n\t\t\t\t\t\t<div class=\"elementor-element elementor-element-5de1ed9 elementor-widget elementor-widget-image\" data-id=\"5de1ed9\" data-element_type=\"widget\" data-widget_type=\"image.default\">\n\t\t\t\t<div class=\"elementor-widget-container\">\n\t\t\t\t\t<div class=\"elementor-image\">\n\t\t\t\t\t\t\t\t\t\t<img width=\"1024\" height=\"576\" src=\"https:\/\/aude-art.com\/wp-content\/uploads\/2020\/09\/Cocktail-Ge\u0301ne\u0301rale-8-1024x576.jpg\" class=\"attachment-large size-large\" alt=\"\" loading=\"lazy\" srcset=\"https:\/\/aude-art.com\/wp-content\/uploads\/2020\/09\/Cocktail-Ge\u0301ne\u0301rale-8-1024x576.jpg 1024w, https:\/\/aude-art.com\/wp-content\/uploads\/2020\/09\/Cocktail-Ge\u0301ne\u0301rale-8-300x169.jpg 300w, https:\/\/aude-art.com\/wp-content\/uploads\/2020\/09\/Cocktail-Ge\u0301ne\u0301rale-8-768x432.jpg 768w, https:\/\/aude-art.com\/wp-content\/uploads\/2020\/09\/Cocktail-Ge\u0301ne\u0301rale-8-1536x864.jpg 1536w, https:\/\/aude-art.com\/wp-content\/uploads\/2020\/09\/Cocktail-Ge\u0301ne\u0301rale-8-720x405.jpg 720w, https:\/\/aude-art.com\/wp-content\/uploads\/2020\/09\/Cocktail-Ge\u0301ne\u0301rale-8.jpg 1920w\" sizes=\"(max-width: 1024px) 100vw, 1024px\" \/>\t\t\t\t\t\t\t\t\t\t\t<\/div>\n\t\t\t\t<\/div>\n\t\t\t\t<\/div>\n\t\t\t\t\t\t<\/div>\n\t\t\t\t\t<\/div>\n\t\t<\/div>\n\t\t\t\t<div class=\"elementor-column elementor-col-16 elementor-top-column elementor-element elementor-element-3b87500\" data-id=\"3b87500\" data-element_type=\"column\">\n\t\t\t<div class=\"elementor-column-wrap\">\n\t\t\t\t\t\t\t<div class=\"elementor-widget-wrap\">\n\t\t\t\t\t\t\t\t<\/div>\n\t\t\t\t\t<\/div>\n\t\t<\/div>\n\t\t\t\t<div class=\"elementor-column elementor-col-16 elementor-top-column elementor-element elementor-element-59a74a5\" data-id=\"59a74a5\" data-element_type=\"column\">\n\t\t\t<div class=\"elementor-column-wrap\">\n\t\t\t\t\t\t\t<div class=\"elementor-widget-wrap\">\n\t\t\t\t\t\t\t\t<\/div>\n\t\t\t\t\t<\/div>\n\t\t<\/div>\n\t\t\t\t\t\t\t\t<\/div>\n\t\t\t\t\t<\/div>\n\t\t<\/section>\n\t\t\t\t\t\t<\/div>\n\t\t\t\t\t\t<\/div>\n\t\t\t\t\t<\/div>\n\t\t","protected":false},"excerpt":{"rendered":"<p>PHOTOS 20e Cocktail Cirquantique Num\u00e9ro d&rsquo;\u00e9quilibres sur cannes pour le 20e Cocktail Cirquantique. Fondatrices : Da\u00efna Michaud, M\u00e9lodie Martin Couture, [&hellip;]<\/p>\n","protected":false},"author":1,"featured_media":0,"parent":560,"menu_order":0,"comment_status":"closed","ping_status":"closed","template":"page-templates\/template_page-builder.php","meta":[],"_links":{"self":[{"href":"https:\/\/aude-art.com\/index.php\/wp-json\/wp\/v2\/pages\/1083"}],"collection":[{"href":"https:\/\/aude-art.com\/index.php\/wp-json\/wp\/v2\/pages"}],"about":[{"href":"https:\/\/aude-art.com\/index.php\/wp-json\/wp\/v2\/types\/page"}],"author":[{"embeddable":true,"href":"https:\/\/aude-art.com\/index.php\/wp-json\/wp\/v2\/users\/1"}],"replies":[{"embeddable":true,"href":"https:\/\/aude-art.com\/index.php\/wp-json\/wp\/v2\/comments?post=1083"}],"version-history":[{"count":13,"href":"https:\/\/aude-art.com\/index.php\/wp-json\/wp\/v2\/pages\/1083\/revisions"}],"predecessor-version":[{"id":2204,"href":"https:\/\/aude-art.com\/index.php\/wp-json\/wp\/v2\/pages\/1083\/revisions\/2204"}],"up":[{"embeddable":true,"href":"https:\/\/aude-art.com\/index.php\/wp-json\/wp\/v2\/pages\/560"}],"wp:attachment":[{"href":"https:\/\/aude-art.com\/index.php\/wp-json\/wp\/v2\/media?parent=1083"}],"curies":[{"name":"wp","href":"https:\/\/api.w.org\/{rel}","templated":true}]}}