{"id":1334,"date":"2020-10-11T21:42:51","date_gmt":"2020-10-12T01:42:51","guid":{"rendered":"http:\/\/audeequilibres.com\/?page_id=1334"},"modified":"2022-10-23T08:00:59","modified_gmt":"2022-10-23T12:00:59","slug":"agenda-en","status":"publish","type":"page","link":"https:\/\/aude-art.com\/index.php\/en\/agenda-en\/","title":{"rendered":"Agenda English"},"content":{"rendered":"\t\t<div data-elementor-type=\"wp-post\" data-elementor-id=\"1334\" class=\"elementor elementor-1334\" data-elementor-settings=\"[]\">\n\t\t\t\t\t\t<div class=\"elementor-inner\">\n\t\t\t\t\t\t\t<div class=\"elementor-section-wrap\">\n\t\t\t\t\t\t\t<section class=\"elementor-section elementor-top-section elementor-element elementor-element-3e05644b elementor-section-height-min-height elementor-section-boxed elementor-section-height-default elementor-section-items-middle\" data-id=\"3e05644b\" data-element_type=\"section\" data-settings=\"{&quot;background_background&quot;:&quot;classic&quot;}\">\n\t\t\t\t\t\t<div class=\"elementor-container elementor-column-gap-default\">\n\t\t\t\t\t\t\t<div class=\"elementor-row\">\n\t\t\t\t\t<div class=\"elementor-column elementor-col-50 elementor-top-column elementor-element elementor-element-1dd83591\" data-id=\"1dd83591\" data-element_type=\"column\">\n\t\t\t<div class=\"elementor-column-wrap\">\n\t\t\t\t\t\t\t<div class=\"elementor-widget-wrap\">\n\t\t\t\t\t\t\t\t<\/div>\n\t\t\t\t\t<\/div>\n\t\t<\/div>\n\t\t\t\t<div class=\"elementor-column elementor-col-50 elementor-top-column elementor-element elementor-element-34b2e135\" data-id=\"34b2e135\" data-element_type=\"column\">\n\t\t\t<div class=\"elementor-column-wrap elementor-element-populated\">\n\t\t\t\t\t\t\t<div class=\"elementor-widget-wrap\">\n\t\t\t\t\t\t<div class=\"elementor-element elementor-element-7b3e4d94 elementor-widget elementor-widget-text-editor\" data-id=\"7b3e4d94\" data-element_type=\"widget\" data-widget_type=\"text-editor.default\">\n\t\t\t\t<div class=\"elementor-widget-container\">\n\t\t\t\t\t<div class=\"elementor-text-editor elementor-clearfix\"><\/div>\n\t\t\t\t<\/div>\n\t\t\t\t<\/div>\n\t\t\t\t\t\t<\/div>\n\t\t\t\t\t<\/div>\n\t\t<\/div>\n\t\t\t\t\t\t\t\t<\/div>\n\t\t\t\t\t<\/div>\n\t\t<\/section>\n\t\t\t\t<section class=\"elementor-section elementor-top-section elementor-element elementor-element-e4d528a elementor-section-boxed elementor-section-height-default elementor-section-height-default\" data-id=\"e4d528a\" data-element_type=\"section\" data-settings=\"{&quot;background_background&quot;:&quot;classic&quot;}\">\n\t\t\t\t\t\t<div class=\"elementor-container elementor-column-gap-default\">\n\t\t\t\t\t\t\t<div class=\"elementor-row\">\n\t\t\t\t\t<div class=\"elementor-column elementor-col-100 elementor-top-column elementor-element elementor-element-bbe2056\" data-id=\"bbe2056\" data-element_type=\"column\">\n\t\t\t<div class=\"elementor-column-wrap elementor-element-populated\">\n\t\t\t\t\t\t\t<div class=\"elementor-widget-wrap\">\n\t\t\t\t\t\t<div class=\"elementor-element elementor-element-7bc40bf elementor-widget elementor-widget-heading\" data-id=\"7bc40bf\" data-element_type=\"widget\" data-widget_type=\"heading.default\">\n\t\t\t\t<div class=\"elementor-widget-container\">\n\t\t\t<h2 class=\"elementor-heading-title elementor-size-default\"><br>AGENDA<\/h2>\t\t<\/div>\n\t\t\t\t<\/div>\n\t\t\t\t\t\t<\/div>\n\t\t\t\t\t<\/div>\n\t\t<\/div>\n\t\t\t\t\t\t\t\t<\/div>\n\t\t\t\t\t<\/div>\n\t\t<\/section>\n\t\t\t\t<section class=\"elementor-section elementor-top-section elementor-element elementor-element-4e086f2 elementor-section-boxed elementor-section-height-default elementor-section-height-default\" data-id=\"4e086f2\" data-element_type=\"section\" data-settings=\"{&quot;background_background&quot;:&quot;classic&quot;}\">\n\t\t\t\t\t\t<div class=\"elementor-container elementor-column-gap-default\">\n\t\t\t\t\t\t\t<div class=\"elementor-row\">\n\t\t\t\t\t<div class=\"elementor-column elementor-col-50 elementor-top-column elementor-element elementor-element-79005c0\" data-id=\"79005c0\" data-element_type=\"column\">\n\t\t\t<div class=\"elementor-column-wrap elementor-element-populated\">\n\t\t\t\t\t\t\t<div class=\"elementor-widget-wrap\">\n\t\t\t\t\t\t<div class=\"elementor-element elementor-element-00ae807 elementor-widget elementor-widget-text-editor\" data-id=\"00ae807\" data-element_type=\"widget\" data-widget_type=\"text-editor.default\">\n\t\t\t\t<div class=\"elementor-widget-container\">\n\t\t\t\t\t<div class=\"elementor-text-editor elementor-clearfix\"><p><strong>\u2022 AGENCIES &amp; ON-STAGE PROFESSIONAL EXPERIENCES<\/strong><\/p><ul><li style=\"font-weight: 400;\" aria-level=\"1\"><i><span style=\"font-weight: 400;\">Le Gros Orteil<\/span><\/i><span style=\"font-weight: 400;\">\/Show: <\/span><i><span style=\"font-weight: 400;\">BOUGE<\/span><\/i> <span style=\"font-weight: 400;\">Hand-balancing, dance, chinese pole, lead role: L\u00e9onie, since January 2019.<\/span><\/li><li style=\"font-weight: 400;\" aria-level=\"1\"><i><span style=\"font-weight: 400;\">Starlight Show: Limbes<\/span><\/i> <span style=\"font-weight: 400;\">Hand-balancing, Touring in Switzerland from February 2022 to July 2022.<\/span><\/li><li style=\"font-weight: 400;\" aria-level=\"1\"><i><span style=\"font-weight: 400;\">Vid\u00e9oclip Circoluza\/TOHU<\/span><\/i> <span style=\"font-weight: 400;\">Hand-balancing, July 2021.<\/span><\/li><li style=\"font-weight: 400;\" aria-level=\"1\"><i><span style=\"font-weight: 400;\">Montreal Compl\u00e8tement Cirque Fest<\/span><\/i> <span style=\"font-weight: 400;\">Hand-balancing, July 2018, 2021, 2022 at the quartier des spectacles &amp; <\/span><i><span style=\"font-weight: 400;\">Tohu.<\/span><\/i><\/li><li style=\"font-weight: 400;\" aria-level=\"1\"><i><span style=\"font-weight: 400;\">Performance: Arts et Glace<\/span><\/i> <span style=\"font-weight: 400;\">Hand-balancing, July 2021.<\/span><\/li><li style=\"font-weight: 400;\" aria-level=\"1\"><i><span style=\"font-weight: 400;\">Cabaret 4237\/Halte Bellerive<\/span><\/i> <span style=\"font-weight: 400;\">Hand-balancing, July 2021.<\/span><\/li><li style=\"font-weight: 400;\" aria-level=\"1\"><i><span style=\"font-weight: 400;\">Festival FAR des arts de la ruelle<\/span><\/i> <span style=\"font-weight: 400;\">Hand-balancing, September 2020 and 2021.<\/span><\/li><li style=\"font-weight: 400;\" aria-level=\"1\"><i><span style=\"font-weight: 400;\">Th\u00e9\u00e2tre du R\u00eave\/CHSLD<\/span><\/i> <span style=\"font-weight: 400;\">Hand-balancing, July, August and September 2020.<\/span><\/li><li style=\"font-weight: 400;\" aria-level=\"1\"><i><span style=\"font-weight: 400;\">TOHU\u2019s Falla Festiva<\/span><\/i>\u00a0<span style=\"font-weight: 400;\">Hand-balancing, dance and animation, August 2019.<\/span><\/li><li style=\"font-weight: 400;\" aria-level=\"1\"><i><span style=\"font-weight: 400;\">Montreal <\/span><\/i><span style=\"font-weight: 400;\">Casino<\/span><i><span style=\"font-weight: 400;\">\/CINCO<\/span><\/i> <span style=\"font-weight: 400;\">Hand-balancing, dance, and animation, October 2018.<\/span><\/li><li style=\"font-weight: 400;\" aria-level=\"1\"><i><span style=\"font-weight: 400;\">TOHU\u2019s 2018 Season Opening<\/span><\/i> <span style=\"font-weight: 400;\">Hand-balancing, August 2018.<\/span><\/li><li style=\"font-weight: 400;\" aria-level=\"1\"><i><span style=\"font-weight: 400;\">Jardins Gamelin<\/span><\/i><span style=\"font-weight: 400;\">\u2019s opening ceremony<\/span> <span style=\"font-weight: 400;\">Hand<\/span><span style=\"font-weight: 400;\">-balancing, May 2018.<\/span><\/li><li style=\"font-weight: 400;\" aria-level=\"1\"><i><span style=\"font-weight: 400;\">Human in Circus\/M-A Robitaille\/Gyno<\/span><\/i><i><span style=\"font-weight: 400;\">\u00ef<\/span><\/i><i><span style=\"font-weight: 400;\">de <\/span><\/i><span style=\"font-weight: 400;\">Hand-balancing act, <\/span><i><span style=\"font-weight: 400;\">Harbourfront Centre<\/span><\/i><span style=\"font-weight: 400;\">, Toronto, April 2018.<\/span><\/li><li style=\"font-weight: 400;\" aria-level=\"1\"><i><span style=\"font-weight: 400;\">Productions Carmagnole<\/span><\/i> <span style=\"font-weight: 400;\">Hand<\/span><span style=\"font-weight: 400;\">-balancing, March and August 2018.<\/span><\/li><li style=\"font-weight: 400;\" aria-level=\"1\"><i><span style=\"font-weight: 400;\">Nuit Blanche Montreal 2018<\/span><\/i> <span style=\"font-weight: 400;\">Hand-balancing, dancer, and animation, March 2018.<\/span><\/li><li style=\"font-weight: 400;\" aria-level=\"1\"><i><span style=\"font-weight: 400;\">Festival Quartier Danse<\/span><\/i> <span style=\"font-weight: 400;\">Dancer, Montreal, Place des arts: <\/span><i><span style=\"font-weight: 400;\">Trip The Light Fantastic<\/span><\/i><span style=\"font-weight: 400;\">, Sept. 2017.<\/span><\/li><li style=\"font-weight: 400;\" aria-level=\"1\">150 <i>Reasons to Be Canadian<\/i> <i> \u00a0 <\/i>Hand-balancing \u2013 <i>Prescott-Russell Arts Council<\/i>, October 2017.<\/li><li style=\"font-weight: 400;\" aria-level=\"1\"><i>Cirquantique \u2013 Montr\u00e9al, <\/i>Hand-balancing and dance, October 2018, and October-November 2016.<\/li><li style=\"font-weight: 400;\" aria-level=\"1\"><i>Upside Down Theater Circus<\/i> <i> \u00a0 <\/i>Lead role in \u201c<i>Hot 5<\/i>\u201d creation, hand-balancing and dance, Toronto, Sept. 2015.<\/li><li style=\"font-weight: 400;\" aria-level=\"1\"><i>Fiert\u00e9 Montr\u00e9al<\/i> \u00a0 Hand-balancing, August 2015.<\/li><li style=\"font-weight: 400;\" aria-level=\"1\"><i>Francophonie<\/i> Festival Hand-balancing \u2013 Gatineau, August 2014.<\/li><li style=\"font-weight: 400;\" aria-level=\"1\"><i>Rona: Muse <\/i>Paint, Dancer and shadow puppet, October 2014.<\/li><li style=\"font-weight: 400;\" aria-level=\"1\"><i><span style=\"font-weight: 400;\">Festival de la Bine<\/span><\/i> <span style=\"font-weight: 400;\">Hand-balancing and animation, Plantagenet, October 2014.<\/span><\/li><li style=\"font-weight: 400;\" aria-level=\"1\"><i>Maison des arts, <\/i>Invited performer for <i>\u00c9quilibres et pointes<\/i> act, Drummondville, April 2011.<\/li><li style=\"font-weight: 400;\" aria-level=\"1\"><i>Franco-Ontarian dance delegation, <\/i>Invited performer, provincial dance competition, Edmonton, August 2008.<\/li><\/ul><div><p><strong>\u2022 MASTERCLASSES, WORKSHOPS &amp; AUDITIONS<\/strong><\/p><ul><li>Invited participant to repetitions for Tryptique production by Les 7 doigts de la main company, January 2017.<\/li><li>Creation workshop with Les 7 doigts de la main and En Piste, d\u00e9cember 2018.<\/li><li><span style=\"font-weight: 400;\">Dance workshop with <\/span><i><span style=\"font-weight: 400;\">Tentacle Tribe and En Piste, <\/span><\/i><span style=\"font-weight: 400;\">October 2017<\/span> <span style=\"font-weight: 400;\">and with <\/span><i><span style=\"font-weight: 400;\">Transformation Danse<\/span><\/i><span style=\"font-weight: 400;\">, June 2018.<\/span><\/li><li>Invited to Rubberbandance intensive workshops at Domaine Forget, July, and Montreal, December 2016.<\/li><li>Called to auditions for Ruberbandance Group, Jan. 2015, and for Destins crois\u00e9s, May 2015.<\/li><li><span style=\"font-weight: 400;\">Intensive dance workshops with James O&rsquo;Hara at <\/span><i><span style=\"font-weight: 400;\">Danse \u00e0 la Carte<\/span><\/i><span style=\"font-weight: 400;\">, July 2015.<\/span><\/li><li>Advanced stretching\/flex workshops with Ms. Annick Taillon, formerly of the Grands Ballets Canadiens, 2011-2015.<\/li><\/ul><\/div><\/div>\n\t\t\t\t<\/div>\n\t\t\t\t<\/div>\n\t\t\t\t\t\t<\/div>\n\t\t\t\t\t<\/div>\n\t\t<\/div>\n\t\t\t\t<div class=\"elementor-column elementor-col-50 elementor-top-column elementor-element elementor-element-7497579\" data-id=\"7497579\" data-element_type=\"column\">\n\t\t\t<div class=\"elementor-column-wrap elementor-element-populated\">\n\t\t\t\t\t\t\t<div class=\"elementor-widget-wrap\">\n\t\t\t\t\t\t<div class=\"elementor-element elementor-element-c54bbb9 elementor-widget elementor-widget-text-editor\" data-id=\"c54bbb9\" data-element_type=\"widget\" data-widget_type=\"text-editor.default\">\n\t\t\t\t<div class=\"elementor-widget-container\">\n\t\t\t\t\t<div class=\"elementor-text-editor elementor-clearfix\"><p><strong>\u2022 ON-STAGE PERFORMANCES &amp; CREATIONS<\/strong><\/p><ul><li style=\"list-style-type: none;\"><ul><li><span style=\"font-weight: 400;\">Performer at <\/span><i><span style=\"font-weight: 400;\">Tentacle Tribe<\/span><\/i><span style=\"font-weight: 400;\">\u2019s dance piece called <\/span><span style=\"font-weight: 400;\">\u00ab\u00a0<\/span><i><span style=\"font-weight: 400;\">Threesixnine<\/span><\/i><span style=\"font-weight: 400;\">\u00ab\u00a0<\/span><span style=\"font-weight: 400;\"> at <\/span><i><span style=\"font-weight: 400;\">TransFormation Danse,<\/span><\/i><span style=\"font-weight: 400;\"> June<\/span> <span style=\"font-weight: 400;\">2018<\/span><i><span style=\"font-weight: 400;\">.<\/span><\/i> <\/li><li>Dancer and hand-balancer for witchcraft-themed show Gamine, \u00c9liane Bonin, director, March and August 2018.<\/li><li>Hand-balancing act called \u00c9chappatoire for jail-themed show La Cellule, Martin Frenette, director, May 2016.<\/li><li><span style=\"font-weight: 400;\">Performer at <\/span><i><span style=\"font-weight: 400;\">DAC<\/span><\/i><span style=\"font-weight: 400;\">: in part with James O\u2019Hara: fundraiser at <\/span><i><span style=\"font-weight: 400;\">Rialto Theatre<\/span><\/i><span style=\"font-weight: 400;\">, September 2015.<\/span><\/li><li>Choreographer of M\u00e9tamorphauve, a selected act at Cegep\u2019s dance-program show, December 2013.<\/li><li><span style=\"font-weight: 400;\">Dancer and hand-balancer: benefit evening for <\/span><i><span style=\"font-weight: 400;\">Cirquium <\/span><\/i><span style=\"font-weight: 400;\">project, presenting: <\/span><i><span style=\"font-weight: 400;\">Papillon, <\/span><\/i><span style=\"font-weight: 400;\">May 2012.<\/span><\/li><\/ul><\/li><\/ul><p><strong>\u2022 RELATED EXPERIENCES<\/strong><\/p><ul><li>Provincial P2 level in gymnastics. Coach: flexibility and hand-balancing at St-Laurent Cegep and Caserne, 2014-2015.<\/li><li>V.I.P. hostess for Cirque du Soleil\u2019s Kurios at Vieux-Port de Montr\u00e9al, Summer 2014.<\/li><li>Workshop teacher: dance, improvisations, creation, choreography in Ontario primary schools, 2018-2019.<\/li><li>\u00a0Sport Massage therapist at Spa Bota Bota, spa-sur-l\u2019eau since October 2016.<\/li><\/ul><\/div>\n\t\t\t\t<\/div>\n\t\t\t\t<\/div>\n\t\t\t\t\t\t<\/div>\n\t\t\t\t\t<\/div>\n\t\t<\/div>\n\t\t\t\t\t\t\t\t<\/div>\n\t\t\t\t\t<\/div>\n\t\t<\/section>\n\t\t\t\t\t\t<\/div>\n\t\t\t\t\t\t<\/div>\n\t\t\t\t\t<\/div>\n\t\t","protected":false},"excerpt":{"rendered":"<p>AGENDA \u2022 AGENCIES &amp; ON-STAGE PROFESSIONAL EXPERIENCES Le Gros Orteil\/Show: BOUGE Hand-balancing, dance, chinese pole, lead role: L\u00e9onie, since January [&hellip;]<\/p>\n","protected":false},"author":1,"featured_media":0,"parent":0,"menu_order":0,"comment_status":"closed","ping_status":"closed","template":"page-templates\/template_page-builder.php","meta":[],"_links":{"self":[{"href":"https:\/\/aude-art.com\/index.php\/wp-json\/wp\/v2\/pages\/1334"}],"collection":[{"href":"https:\/\/aude-art.com\/index.php\/wp-json\/wp\/v2\/pages"}],"about":[{"href":"https:\/\/aude-art.com\/index.php\/wp-json\/wp\/v2\/types\/page"}],"author":[{"embeddable":true,"href":"https:\/\/aude-art.com\/index.php\/wp-json\/wp\/v2\/users\/1"}],"replies":[{"embeddable":true,"href":"https:\/\/aude-art.com\/index.php\/wp-json\/wp\/v2\/comments?post=1334"}],"version-history":[{"count":20,"href":"https:\/\/aude-art.com\/index.php\/wp-json\/wp\/v2\/pages\/1334\/revisions"}],"predecessor-version":[{"id":2557,"href":"https:\/\/aude-art.com\/index.php\/wp-json\/wp\/v2\/pages\/1334\/revisions\/2557"}],"wp:attachment":[{"href":"https:\/\/aude-art.com\/index.php\/wp-json\/wp\/v2\/media?parent=1334"}],"curies":[{"name":"wp","href":"https:\/\/api.w.org\/{rel}","templated":true}]}}