{"id":1720,"date":"2020-10-16T20:52:33","date_gmt":"2020-10-17T00:52:33","guid":{"rendered":"http:\/\/audeequilibres.com\/?page_id=1720"},"modified":"2020-11-14T16:56:47","modified_gmt":"2020-11-14T21:56:47","slug":"photos-presentation-english","status":"publish","type":"page","link":"https:\/\/aude-art.com\/index.php\/en\/photos\/photos-presentation-english\/","title":{"rendered":"Photos &#8211; Pr\u00e9sentation English"},"content":{"rendered":"\t\t<div data-elementor-type=\"wp-post\" data-elementor-id=\"1720\" class=\"elementor elementor-1720\" data-elementor-settings=\"[]\">\n\t\t\t\t\t\t<div class=\"elementor-inner\">\n\t\t\t\t\t\t\t<div class=\"elementor-section-wrap\">\n\t\t\t\t\t\t\t<section class=\"elementor-section elementor-top-section elementor-element elementor-element-65db9ff elementor-section-boxed elementor-section-height-default elementor-section-height-default\" data-id=\"65db9ff\" data-element_type=\"section\" data-settings=\"{&quot;background_background&quot;:&quot;classic&quot;}\">\n\t\t\t\t\t\t<div class=\"elementor-container elementor-column-gap-default\">\n\t\t\t\t\t\t\t<div class=\"elementor-row\">\n\t\t\t\t\t<div class=\"elementor-column elementor-col-100 elementor-top-column elementor-element elementor-element-ed75ec9\" data-id=\"ed75ec9\" data-element_type=\"column\">\n\t\t\t<div class=\"elementor-column-wrap elementor-element-populated\">\n\t\t\t\t\t\t\t<div class=\"elementor-widget-wrap\">\n\t\t\t\t\t\t<div class=\"elementor-element elementor-element-866c752 elementor-widget elementor-widget-heading\" data-id=\"866c752\" data-element_type=\"widget\" data-widget_type=\"heading.default\">\n\t\t\t\t<div class=\"elementor-widget-container\">\n\t\t\t<h2 class=\"elementor-heading-title elementor-size-default\"><br>PHOTOS<\/h2>\t\t<\/div>\n\t\t\t\t<\/div>\n\t\t\t\t\t\t<\/div>\n\t\t\t\t\t<\/div>\n\t\t<\/div>\n\t\t\t\t\t\t\t\t<\/div>\n\t\t\t\t\t<\/div>\n\t\t<\/section>\n\t\t\t\t<section class=\"elementor-section elementor-top-section elementor-element elementor-element-3fac78c elementor-section-boxed elementor-section-height-default elementor-section-height-default\" data-id=\"3fac78c\" data-element_type=\"section\" data-settings=\"{&quot;background_background&quot;:&quot;classic&quot;}\">\n\t\t\t\t\t\t<div class=\"elementor-container elementor-column-gap-default\">\n\t\t\t\t\t\t\t<div class=\"elementor-row\">\n\t\t\t\t\t<div class=\"elementor-column elementor-col-100 elementor-top-column elementor-element elementor-element-adec725\" data-id=\"adec725\" data-element_type=\"column\">\n\t\t\t<div class=\"elementor-column-wrap elementor-element-populated\">\n\t\t\t\t\t\t\t<div class=\"elementor-widget-wrap\">\n\t\t\t\t\t\t<div class=\"elementor-element elementor-element-6b76b70 elementor-widget elementor-widget-text-editor\" data-id=\"6b76b70\" data-element_type=\"widget\" data-widget_type=\"text-editor.default\">\n\t\t\t\t<div class=\"elementor-widget-container\">\n\t\t\t\t\t<div class=\"elementor-text-editor elementor-clearfix\"><p><strong>Presentation : Salle \u00c9mile-Legault<br \/><\/strong><\/p><p>Hand balancing act at salle \u00c9mile-Legault.<\/p><p>Location: C\u00e9gep de Saint-Laurent<\/p><\/div>\n\t\t\t\t<\/div>\n\t\t\t\t<\/div>\n\t\t\t\t\t\t<\/div>\n\t\t\t\t\t<\/div>\n\t\t<\/div>\n\t\t\t\t\t\t\t\t<\/div>\n\t\t\t\t\t<\/div>\n\t\t<\/section>\n\t\t\t\t<section class=\"elementor-section elementor-top-section elementor-element elementor-element-d8dc797 elementor-section-boxed elementor-section-height-default elementor-section-height-default\" data-id=\"d8dc797\" data-element_type=\"section\" data-settings=\"{&quot;background_background&quot;:&quot;classic&quot;}\">\n\t\t\t\t\t\t<div class=\"elementor-container elementor-column-gap-default\">\n\t\t\t\t\t\t\t<div class=\"elementor-row\">\n\t\t\t\t\t<div class=\"elementor-column elementor-col-100 elementor-top-column elementor-element elementor-element-8f1b477\" data-id=\"8f1b477\" data-element_type=\"column\">\n\t\t\t<div class=\"elementor-column-wrap elementor-element-populated\">\n\t\t\t\t\t\t\t<div class=\"elementor-widget-wrap\">\n\t\t\t\t\t\t<div class=\"elementor-element elementor-element-f68e607 elementor-button-success elementor-align-center elementor-widget elementor-widget-button\" data-id=\"f68e607\" data-element_type=\"widget\" data-widget_type=\"button.default\">\n\t\t\t\t<div class=\"elementor-widget-container\">\n\t\t\t\t\t<div class=\"elementor-button-wrapper\">\n\t\t\t<a href=\"http:\/\/audeequilibres.com\/index.php\/en\/photos-2\/\" class=\"elementor-button-link elementor-button elementor-size-md\" role=\"button\">\n\t\t\t\t\t\t<span class=\"elementor-button-content-wrapper\">\n\t\t\t\t\t\t<span class=\"elementor-button-text\">BACK <\/span>\n\t\t<\/span>\n\t\t\t\t\t<\/a>\n\t\t<\/div>\n\t\t\t\t<\/div>\n\t\t\t\t<\/div>\n\t\t\t\t\t\t<\/div>\n\t\t\t\t\t<\/div>\n\t\t<\/div>\n\t\t\t\t\t\t\t\t<\/div>\n\t\t\t\t\t<\/div>\n\t\t<\/section>\n\t\t\t\t<section class=\"elementor-section elementor-top-section elementor-element elementor-element-afaa6ed elementor-section-boxed elementor-section-height-default elementor-section-height-default\" data-id=\"afaa6ed\" data-element_type=\"section\">\n\t\t\t\t\t\t<div class=\"elementor-container elementor-column-gap-default\">\n\t\t\t\t\t\t\t<div class=\"elementor-row\">\n\t\t\t\t\t<div class=\"elementor-column elementor-col-20 elementor-top-column elementor-element elementor-element-307bca9\" data-id=\"307bca9\" data-element_type=\"column\">\n\t\t\t<div class=\"elementor-column-wrap elementor-element-populated\">\n\t\t\t\t\t\t\t<div class=\"elementor-widget-wrap\">\n\t\t\t\t\t\t<div class=\"elementor-element elementor-element-60e0cea elementor-widget elementor-widget-image\" data-id=\"60e0cea\" data-element_type=\"widget\" data-widget_type=\"image.default\">\n\t\t\t\t<div class=\"elementor-widget-container\">\n\t\t\t\t\t<div class=\"elementor-image\">\n\t\t\t\t\t\t\t\t\t\t<img width=\"1024\" height=\"888\" src=\"https:\/\/aude-art.com\/wp-content\/uploads\/2020\/10\/26735167_10156110454579636_416042865_o-1024x888.png\" class=\"attachment-large size-large\" alt=\"\" loading=\"lazy\" srcset=\"https:\/\/aude-art.com\/wp-content\/uploads\/2020\/10\/26735167_10156110454579636_416042865_o-1024x888.png 1024w, https:\/\/aude-art.com\/wp-content\/uploads\/2020\/10\/26735167_10156110454579636_416042865_o-300x260.png 300w, https:\/\/aude-art.com\/wp-content\/uploads\/2020\/10\/26735167_10156110454579636_416042865_o-768x666.png 768w, https:\/\/aude-art.com\/wp-content\/uploads\/2020\/10\/26735167_10156110454579636_416042865_o-720x625.png 720w, https:\/\/aude-art.com\/wp-content\/uploads\/2020\/10\/26735167_10156110454579636_416042865_o.png 1208w\" sizes=\"(max-width: 1024px) 100vw, 1024px\" \/>\t\t\t\t\t\t\t\t\t\t\t<\/div>\n\t\t\t\t<\/div>\n\t\t\t\t<\/div>\n\t\t\t\t\t\t<\/div>\n\t\t\t\t\t<\/div>\n\t\t<\/div>\n\t\t\t\t<div class=\"elementor-column elementor-col-20 elementor-top-column elementor-element elementor-element-f4920ad\" data-id=\"f4920ad\" data-element_type=\"column\">\n\t\t\t<div class=\"elementor-column-wrap elementor-element-populated\">\n\t\t\t\t\t\t\t<div class=\"elementor-widget-wrap\">\n\t\t\t\t\t\t<div class=\"elementor-element elementor-element-699f6c0 elementor-widget elementor-widget-image\" data-id=\"699f6c0\" data-element_type=\"widget\" data-widget_type=\"image.default\">\n\t\t\t\t<div class=\"elementor-widget-container\">\n\t\t\t\t\t<div class=\"elementor-image\">\n\t\t\t\t\t\t\t\t\t\t<img width=\"1024\" height=\"818\" src=\"https:\/\/aude-art.com\/wp-content\/uploads\/2020\/11\/26732495_10156110454569636_1391682562_o-2-1024x818.png\" class=\"attachment-large size-large\" alt=\"\" loading=\"lazy\" srcset=\"https:\/\/aude-art.com\/wp-content\/uploads\/2020\/11\/26732495_10156110454569636_1391682562_o-2-1024x818.png 1024w, https:\/\/aude-art.com\/wp-content\/uploads\/2020\/11\/26732495_10156110454569636_1391682562_o-2-300x240.png 300w, https:\/\/aude-art.com\/wp-content\/uploads\/2020\/11\/26732495_10156110454569636_1391682562_o-2-768x614.png 768w, https:\/\/aude-art.com\/wp-content\/uploads\/2020\/11\/26732495_10156110454569636_1391682562_o-2-720x576.png 720w, https:\/\/aude-art.com\/wp-content\/uploads\/2020\/11\/26732495_10156110454569636_1391682562_o-2.png 1166w\" sizes=\"(max-width: 1024px) 100vw, 1024px\" \/>\t\t\t\t\t\t\t\t\t\t\t<\/div>\n\t\t\t\t<\/div>\n\t\t\t\t<\/div>\n\t\t\t\t\t\t<\/div>\n\t\t\t\t\t<\/div>\n\t\t<\/div>\n\t\t\t\t<div class=\"elementor-column elementor-col-20 elementor-top-column elementor-element elementor-element-4fe5991\" data-id=\"4fe5991\" data-element_type=\"column\">\n\t\t\t<div class=\"elementor-column-wrap elementor-element-populated\">\n\t\t\t\t\t\t\t<div class=\"elementor-widget-wrap\">\n\t\t\t\t\t\t<div class=\"elementor-element elementor-element-c26daf6 elementor-widget elementor-widget-image\" data-id=\"c26daf6\" data-element_type=\"widget\" data-widget_type=\"image.default\">\n\t\t\t\t<div class=\"elementor-widget-container\">\n\t\t\t\t\t<div class=\"elementor-image\">\n\t\t\t\t\t\t\t\t\t\t<img width=\"926\" height=\"926\" src=\"https:\/\/aude-art.com\/wp-content\/uploads\/2020\/10\/26238978_1274068132723636_1128148095472637589_n.png\" class=\"attachment-large size-large\" alt=\"\" loading=\"lazy\" srcset=\"https:\/\/aude-art.com\/wp-content\/uploads\/2020\/10\/26238978_1274068132723636_1128148095472637589_n.png 926w, https:\/\/aude-art.com\/wp-content\/uploads\/2020\/10\/26238978_1274068132723636_1128148095472637589_n-300x300.png 300w, https:\/\/aude-art.com\/wp-content\/uploads\/2020\/10\/26238978_1274068132723636_1128148095472637589_n-150x150.png 150w, https:\/\/aude-art.com\/wp-content\/uploads\/2020\/10\/26238978_1274068132723636_1128148095472637589_n-768x768.png 768w, https:\/\/aude-art.com\/wp-content\/uploads\/2020\/10\/26238978_1274068132723636_1128148095472637589_n-720x720.png 720w, https:\/\/aude-art.com\/wp-content\/uploads\/2020\/10\/26238978_1274068132723636_1128148095472637589_n-360x360.png 360w\" sizes=\"(max-width: 926px) 100vw, 926px\" \/>\t\t\t\t\t\t\t\t\t\t\t<\/div>\n\t\t\t\t<\/div>\n\t\t\t\t<\/div>\n\t\t\t\t\t\t<\/div>\n\t\t\t\t\t<\/div>\n\t\t<\/div>\n\t\t\t\t<div class=\"elementor-column elementor-col-20 elementor-top-column elementor-element elementor-element-395b7d0\" data-id=\"395b7d0\" data-element_type=\"column\">\n\t\t\t<div class=\"elementor-column-wrap elementor-element-populated\">\n\t\t\t\t\t\t\t<div class=\"elementor-widget-wrap\">\n\t\t\t\t\t\t<div class=\"elementor-element elementor-element-a76b8c9 elementor-widget elementor-widget-image\" data-id=\"a76b8c9\" data-element_type=\"widget\" data-widget_type=\"image.default\">\n\t\t\t\t<div class=\"elementor-widget-container\">\n\t\t\t\t\t<div class=\"elementor-image\">\n\t\t\t\t\t\t\t\t\t\t<img width=\"1024\" height=\"768\" src=\"https:\/\/aude-art.com\/wp-content\/uploads\/2020\/10\/image-6-1-1024x768.png\" class=\"attachment-large size-large\" alt=\"\" loading=\"lazy\" srcset=\"https:\/\/aude-art.com\/wp-content\/uploads\/2020\/10\/image-6-1-1024x768.png 1024w, https:\/\/aude-art.com\/wp-content\/uploads\/2020\/10\/image-6-1-300x225.png 300w, https:\/\/aude-art.com\/wp-content\/uploads\/2020\/10\/image-6-1-768x576.png 768w, https:\/\/aude-art.com\/wp-content\/uploads\/2020\/10\/image-6-1-1536x1152.png 1536w, https:\/\/aude-art.com\/wp-content\/uploads\/2020\/10\/image-6-1-720x540.png 720w, https:\/\/aude-art.com\/wp-content\/uploads\/2020\/10\/image-6-1.png 2048w\" sizes=\"(max-width: 1024px) 100vw, 1024px\" \/>\t\t\t\t\t\t\t\t\t\t\t<\/div>\n\t\t\t\t<\/div>\n\t\t\t\t<\/div>\n\t\t\t\t\t\t<\/div>\n\t\t\t\t\t<\/div>\n\t\t<\/div>\n\t\t\t\t<div class=\"elementor-column elementor-col-20 elementor-top-column elementor-element elementor-element-5384284\" data-id=\"5384284\" data-element_type=\"column\">\n\t\t\t<div class=\"elementor-column-wrap elementor-element-populated\">\n\t\t\t\t\t\t\t<div class=\"elementor-widget-wrap\">\n\t\t\t\t\t\t<div class=\"elementor-element elementor-element-6626440 elementor-widget elementor-widget-image\" data-id=\"6626440\" data-element_type=\"widget\" data-widget_type=\"image.default\">\n\t\t\t\t<div class=\"elementor-widget-container\">\n\t\t\t\t\t<div class=\"elementor-image\">\n\t\t\t\t\t\t\t\t\t\t<img width=\"963\" height=\"963\" src=\"https:\/\/aude-art.com\/wp-content\/uploads\/2020\/10\/26233349_10155340590999211_1382083438851648141_o.jpg\" class=\"attachment-large size-large\" alt=\"\" loading=\"lazy\" srcset=\"https:\/\/aude-art.com\/wp-content\/uploads\/2020\/10\/26233349_10155340590999211_1382083438851648141_o.jpg 963w, https:\/\/aude-art.com\/wp-content\/uploads\/2020\/10\/26233349_10155340590999211_1382083438851648141_o-300x300.jpg 300w, https:\/\/aude-art.com\/wp-content\/uploads\/2020\/10\/26233349_10155340590999211_1382083438851648141_o-150x150.jpg 150w, https:\/\/aude-art.com\/wp-content\/uploads\/2020\/10\/26233349_10155340590999211_1382083438851648141_o-768x768.jpg 768w, https:\/\/aude-art.com\/wp-content\/uploads\/2020\/10\/26233349_10155340590999211_1382083438851648141_o-720x720.jpg 720w, https:\/\/aude-art.com\/wp-content\/uploads\/2020\/10\/26233349_10155340590999211_1382083438851648141_o-360x360.jpg 360w\" sizes=\"(max-width: 963px) 100vw, 963px\" \/>\t\t\t\t\t\t\t\t\t\t\t<\/div>\n\t\t\t\t<\/div>\n\t\t\t\t<\/div>\n\t\t\t\t\t\t<\/div>\n\t\t\t\t\t<\/div>\n\t\t<\/div>\n\t\t\t\t\t\t\t\t<\/div>\n\t\t\t\t\t<\/div>\n\t\t<\/section>\n\t\t\t\t\t\t<\/div>\n\t\t\t\t\t\t<\/div>\n\t\t\t\t\t<\/div>\n\t\t","protected":false},"excerpt":{"rendered":"<p>PHOTOS Presentation : Salle \u00c9mile-Legault Hand balancing act at salle \u00c9mile-Legault. Location: C\u00e9gep de Saint-Laurent BACK<\/p>\n","protected":false},"author":1,"featured_media":0,"parent":560,"menu_order":0,"comment_status":"closed","ping_status":"closed","template":"page-templates\/template_page-builder.php","meta":[],"_links":{"self":[{"href":"https:\/\/aude-art.com\/index.php\/wp-json\/wp\/v2\/pages\/1720"}],"collection":[{"href":"https:\/\/aude-art.com\/index.php\/wp-json\/wp\/v2\/pages"}],"about":[{"href":"https:\/\/aude-art.com\/index.php\/wp-json\/wp\/v2\/types\/page"}],"author":[{"embeddable":true,"href":"https:\/\/aude-art.com\/index.php\/wp-json\/wp\/v2\/users\/1"}],"replies":[{"embeddable":true,"href":"https:\/\/aude-art.com\/index.php\/wp-json\/wp\/v2\/comments?post=1720"}],"version-history":[{"count":13,"href":"https:\/\/aude-art.com\/index.php\/wp-json\/wp\/v2\/pages\/1720\/revisions"}],"predecessor-version":[{"id":2261,"href":"https:\/\/aude-art.com\/index.php\/wp-json\/wp\/v2\/pages\/1720\/revisions\/2261"}],"up":[{"embeddable":true,"href":"https:\/\/aude-art.com\/index.php\/wp-json\/wp\/v2\/pages\/560"}],"wp:attachment":[{"href":"https:\/\/aude-art.com\/index.php\/wp-json\/wp\/v2\/media?parent=1720"}],"curies":[{"name":"wp","href":"https:\/\/api.w.org\/{rel}","templated":true}]}}