{"id":505,"date":"2020-09-18T20:52:37","date_gmt":"2020-09-19T00:52:37","guid":{"rendered":"http:\/\/audeequilibres.com\/?page_id=505"},"modified":"2022-10-23T19:06:05","modified_gmt":"2022-10-23T23:06:05","slug":"agenda","status":"publish","type":"page","link":"https:\/\/aude-art.com\/index.php\/agenda\/","title":{"rendered":"Agenda"},"content":{"rendered":"\t\t<div data-elementor-type=\"wp-post\" data-elementor-id=\"505\" class=\"elementor elementor-505\" data-elementor-settings=\"[]\">\n\t\t\t\t\t\t<div class=\"elementor-inner\">\n\t\t\t\t\t\t\t<div class=\"elementor-section-wrap\">\n\t\t\t\t\t\t\t<section class=\"elementor-section elementor-top-section elementor-element elementor-element-3e05644b elementor-section-height-min-height elementor-section-boxed elementor-section-height-default elementor-section-items-middle\" data-id=\"3e05644b\" data-element_type=\"section\" data-settings=\"{&quot;background_background&quot;:&quot;classic&quot;}\">\n\t\t\t\t\t\t<div class=\"elementor-container elementor-column-gap-default\">\n\t\t\t\t\t\t\t<div class=\"elementor-row\">\n\t\t\t\t\t<div class=\"elementor-column elementor-col-50 elementor-top-column elementor-element elementor-element-1dd83591\" data-id=\"1dd83591\" data-element_type=\"column\">\n\t\t\t<div class=\"elementor-column-wrap\">\n\t\t\t\t\t\t\t<div class=\"elementor-widget-wrap\">\n\t\t\t\t\t\t\t\t<\/div>\n\t\t\t\t\t<\/div>\n\t\t<\/div>\n\t\t\t\t<div class=\"elementor-column elementor-col-50 elementor-top-column elementor-element elementor-element-34b2e135\" data-id=\"34b2e135\" data-element_type=\"column\">\n\t\t\t<div class=\"elementor-column-wrap elementor-element-populated\">\n\t\t\t\t\t\t\t<div class=\"elementor-widget-wrap\">\n\t\t\t\t\t\t<div class=\"elementor-element elementor-element-7b3e4d94 elementor-widget elementor-widget-text-editor\" data-id=\"7b3e4d94\" data-element_type=\"widget\" data-widget_type=\"text-editor.default\">\n\t\t\t\t<div class=\"elementor-widget-container\">\n\t\t\t\t\t<div class=\"elementor-text-editor elementor-clearfix\"><\/div>\n\t\t\t\t<\/div>\n\t\t\t\t<\/div>\n\t\t\t\t\t\t<\/div>\n\t\t\t\t\t<\/div>\n\t\t<\/div>\n\t\t\t\t\t\t\t\t<\/div>\n\t\t\t\t\t<\/div>\n\t\t<\/section>\n\t\t\t\t<section class=\"elementor-section elementor-top-section elementor-element elementor-element-e4d528a elementor-section-boxed elementor-section-height-default elementor-section-height-default\" data-id=\"e4d528a\" data-element_type=\"section\" data-settings=\"{&quot;background_background&quot;:&quot;classic&quot;}\">\n\t\t\t\t\t\t<div class=\"elementor-container elementor-column-gap-default\">\n\t\t\t\t\t\t\t<div class=\"elementor-row\">\n\t\t\t\t\t<div class=\"elementor-column elementor-col-100 elementor-top-column elementor-element elementor-element-bbe2056\" data-id=\"bbe2056\" data-element_type=\"column\">\n\t\t\t<div class=\"elementor-column-wrap elementor-element-populated\">\n\t\t\t\t\t\t\t<div class=\"elementor-widget-wrap\">\n\t\t\t\t\t\t<div class=\"elementor-element elementor-element-7bc40bf elementor-widget elementor-widget-heading\" data-id=\"7bc40bf\" data-element_type=\"widget\" data-widget_type=\"heading.default\">\n\t\t\t\t<div class=\"elementor-widget-container\">\n\t\t\t<h2 class=\"elementor-heading-title elementor-size-default\"><br>AGENDA<\/h2>\t\t<\/div>\n\t\t\t\t<\/div>\n\t\t\t\t\t\t<\/div>\n\t\t\t\t\t<\/div>\n\t\t<\/div>\n\t\t\t\t\t\t\t\t<\/div>\n\t\t\t\t\t<\/div>\n\t\t<\/section>\n\t\t\t\t<section class=\"elementor-section elementor-top-section elementor-element elementor-element-4e086f2 elementor-section-boxed elementor-section-height-default elementor-section-height-default\" data-id=\"4e086f2\" data-element_type=\"section\" data-settings=\"{&quot;background_background&quot;:&quot;classic&quot;}\">\n\t\t\t\t\t\t<div class=\"elementor-container elementor-column-gap-default\">\n\t\t\t\t\t\t\t<div class=\"elementor-row\">\n\t\t\t\t\t<div class=\"elementor-column elementor-col-50 elementor-top-column elementor-element elementor-element-79005c0\" data-id=\"79005c0\" data-element_type=\"column\">\n\t\t\t<div class=\"elementor-column-wrap elementor-element-populated\">\n\t\t\t\t\t\t\t<div class=\"elementor-widget-wrap\">\n\t\t\t\t\t\t<div class=\"elementor-element elementor-element-00ae807 elementor-widget elementor-widget-text-editor\" data-id=\"00ae807\" data-element_type=\"widget\" data-widget_type=\"text-editor.default\">\n\t\t\t\t<div class=\"elementor-widget-container\">\n\t\t\t\t\t<div class=\"elementor-text-editor elementor-clearfix\"><p>\u2022<strong> COMPAGNIES ET EXP\u00c9RIENCES SUR SC\u00c8NE<\/strong><\/p><p><i><span style=\"font-weight: 400;\">&#8211; Le Gros Orteil: BOUGE, <\/span><\/i><span style=\"font-weight: 400;\">\u00c9quilibriste, danseuse, mat chinois, 1<\/span><span style=\"font-weight: 400;\">er<\/span><span style=\"font-weight: 400;\"> r\u00f4le\u00a0: L\u00e9o, \u00e2ge 10 ans, depuis jan 2019.<\/span><\/p><p><i><span style=\"font-weight: 400;\">&#8211;\u00a0 Cirque Starlight spectacle : Limbes, <\/span><\/i><span style=\"font-weight: 400;\">\u00c9quilibriste, tourn\u00e9e en Suisse de f\u00e9vrier 2022 \u00e0 juillet 2022.<\/span><\/p><p><i><span style=\"font-weight: 400;\">&#8211; TOHU : Vid\u00e9oclip Circoluza, <\/span><\/i><span style=\"font-weight: 400;\">\u00c9quilibriste, juillet 2021.<\/span><\/p><p><i><span style=\"font-weight: 400;\">&#8211; Festival M. Compl\u00e8tement Cirque,<\/span><\/i><span style=\"font-weight: 400;\">\u00a0\u00c9quilibriste, juillet 2022, 2021, 2018 au <\/span><i><span style=\"font-weight: 400;\">Quartier des spectacle<\/span><\/i><span style=\"font-weight: 400;\">s et la <\/span><i><span style=\"font-weight: 400;\">Tohu<\/span><\/i><span style=\"font-weight: 400;\">.<\/span><\/p><p><i><span style=\"font-weight: 400;\">&#8211; Art et glace, <\/span><\/i><span style=\"font-weight: 400;\">\u00c9quilibriste, juillet 2021.<\/span><\/p><p><i><span style=\"font-weight: 400;\">&#8211; Cabaret 4237\/Halte Bellerive, <\/span><\/i><span style=\"font-weight: 400;\">\u00c9quilibriste juillet 2021.<\/span><\/p><p><i><span style=\"font-weight: 400;\">&#8211; Festival FAR des arts de la <\/span><\/i><span style=\"font-weight: 400;\">ruelle, \u00c9quilibriste, septembre 2020 et 2021.<\/span><\/p><p><i><span style=\"font-weight: 400;\">&#8211; Th\u00e9\u00e2tre du R\u00eave\/CHSLD, <\/span><\/i><span style=\"font-weight: 400;\">\u00c9quilibriste, juillet, ao\u00fbt et septembre 2020.<\/span><\/p><p><i><span style=\"font-weight: 400;\">&#8211; TOHU : Festival de la Falla,<\/span><\/i><i><span style=\"font-weight: 400;\">\u00a0<\/span><\/i><span style=\"font-weight: 400;\">\u00c9quilibriste et danseuse, ao\u00fbt 2019.<\/span><\/p><p><i><span style=\"font-weight: 400;\">&#8211; Casino de Montr\u00e9al\/CINCO, <\/span><\/i><span style=\"font-weight: 400;\">\u00c9quilibriste et danseuse\/Animation, octobre 2018.<\/span><\/p><p><i><span style=\"font-weight: 400;\">&#8211; TOHU\/Lancement de saison 2018, <\/span><\/i><span style=\"font-weight: 400;\">\u00c9quilibriste, ao\u00fbt 2018.<\/span><\/p><p><i><span style=\"font-weight: 400;\">&#8211; Soir\u00e9e d\u2019ouverture\/Jardins Gamelin, <\/span><\/i><span style=\"font-weight: 400;\">\u00c9quilibriste et danseuse, mai 2018.<\/span><\/p><p><i><span style=\"font-weight: 400;\">&#8211; Human in Circus\/M-A-Robitaille\/Gyno<\/span><\/i><i><span style=\"font-weight: 400;\">\u00ef<\/span><\/i><i><span style=\"font-weight: 400;\">de, <\/span><\/i><span style=\"font-weight: 400;\">\u00c9quilibriste, <\/span><i><span style=\"font-weight: 400;\">Harbourfront Centre<\/span><\/i><span style=\"font-weight: 400;\">, Toronto, avril 2018.<\/span><\/p><p><i><span style=\"font-weight: 400;\">&#8211; Productions <\/span><\/i><span style=\"font-weight: 400;\">Carmagnole, <\/span><span style=\"font-weight: 400;\">\u00c9quilibriste, mars et ao\u00fbt 2018.<\/span><\/p><p><i><span style=\"font-weight: 400;\">&#8211; Nuit Blanche Montr\u00e9al 2018, <\/span><\/i><span style=\"font-weight: 400;\">\u00c9quilibriste danseuse, interpr\u00e9tation d\u2019une cr\u00e9ature aquatique, mars 2018.<\/span><\/p><p><i><span style=\"font-weight: 400;\">&#8211; Festival Quartier Danse, <\/span><\/i><span style=\"font-weight: 400;\">Danseuse, Place des arts, Montr\u00e9al: <\/span><i><span style=\"font-weight: 400;\">Trip The Light Fantastic<\/span><\/i><span style=\"font-weight: 400;\">, sept. 2017.<\/span><\/p><p><i><span style=\"font-weight: 400;\">&#8211; 150 Raisons d\u2019\u00eatre canadien, <\/span><\/i><span style=\"font-weight: 400;\">\u00c9quilibriste, <\/span><i><span style=\"font-weight: 400;\">Conseil des arts de Prescott-Russell<\/span><\/i><span style=\"font-weight: 400;\">, octobre 2017.<\/span><\/p><p><i><span style=\"font-weight: 400;\">&#8211; Cirquantique \u2013 Montr\u00e9al, <\/span><\/i><span style=\"font-weight: 400;\">\u00c9quilibriste et danseuse, octobre, novembre 2016, oct. 2018, f\u00e9v. 2020.<\/span><\/p><p><i><span style=\"font-weight: 400;\">&#8211; Upside Down Theater Circus, <\/span><\/i><span style=\"font-weight: 400;\">1<\/span><span style=\"font-weight: 400;\">er<\/span><span style=\"font-weight: 400;\"> r\u00f4le, cr\u00e9ation : <\/span><i><span style=\"font-weight: 400;\">Hot 5<\/span><\/i><span style=\"font-weight: 400;\">, \u00e9quilibriste et danseuse, Toronto, sept. 2015.<\/span><\/p><p><i><span style=\"font-weight: 400;\">&#8211; Fiert\u00e9 Montr\u00e9al, <\/span><\/i><span style=\"font-weight: 400;\">\u00c9quilibriste, ao\u00fbt 2015.<\/span><\/p><p><i><span style=\"font-weight: 400;\">&#8211; Festival de la Francophonie, <\/span><\/i><span style=\"font-weight: 400;\">Animation en \u00e9quilibres sur les mains, Gatineau, ao\u00fbt 2014.<\/span><\/p><p><i><span style=\"font-weight: 400;\">&#8211; Rona: Muse, <\/span><\/i><span style=\"font-weight: 400;\">Danseuse et \u00e9quilibriste en ombres chinoises, oct. 2014.<\/span><\/p><p><i><span style=\"font-weight: 400;\">&#8211; Festival de la Bine, <\/span><\/i><span style=\"font-weight: 400;\">Animation en \u00e9quilibres sur les mains, Plantagenet, octobre. 2014.<\/span><\/p><p><i><span style=\"font-weight: 400;\">&#8211; Maison des arts de Drummondville, <\/span><\/i><span style=\"font-weight: 400;\">Artiste invit\u00e9e num\u00e9ro : <\/span><i><span style=\"font-weight: 400;\">\u00c9quilibres et pointe<\/span><\/i><span style=\"font-weight: 400;\">s, avril 2011.<\/span><\/p><p><i><span style=\"font-weight: 400;\">&#8211; Jeux francophonie canadienne, <\/span><\/i><span style=\"font-weight: 400;\">Danseuse s\u00e9lectionn\u00e9e, comp\u00e9tition de danse \u00e0 Edmonton, ao\u00fbt 2008.<\/span><\/p><div><p><strong>\u2022 CLASSES DE MA\u00ceTRES, STAGES ET AUDITIONS<\/strong><\/p><ul><li>Stagiaire invit\u00e9e aux r\u00e9p\u00e9titions du spectacle\u00a0<em>Tryptique<\/em> de la compagnie <em>Les<\/em> <em>7 doigts de la main<\/em>, janvier 2017.<\/li><li>Atelier de cr\u00e9ation avec les 7 doigts de la main avec En Piste, d\u00e9cembre 2018.<\/li><li><span style=\"font-weight: 400;\">Atelier de danse avec la troupe <\/span><i><span style=\"font-weight: 400;\">Tentacle Tribe, <\/span><\/i><span style=\"font-weight: 400;\">avec <\/span><i><span style=\"font-weight: 400;\">En Piste<\/span><\/i><span style=\"font-weight: 400;\">, octobre 2017 et <\/span><i><span style=\"font-weight: 400;\">Transformation danse,<\/span><\/i><span style=\"font-weight: 400;\"> juin 2018.<\/span><\/li><li>Invit\u00e9e au stage de perfectionnement de <em>Rubberbandance<\/em> <em>Group <\/em>au Domaine Forget, juillet, \u00e0 Montr\u00e9al, d\u00e9cembre 2016.<\/li><li>Invit\u00e9e \u00e0 l\u2019audition <em>Rubberbandance Group<\/em>, janv. 2015, et pour <em>Destins crois\u00e9s<\/em>, mai 2015.<\/li><li><span style=\"font-weight: 400;\">Stage de danse intensif par James O&rsquo;Hara \u00e0 <\/span><i><span style=\"font-weight: 400;\">Danse \u00e0 la Carte<\/span><\/i><span style=\"font-weight: 400;\">, juillet 2015.<\/span><\/li><li>Stage en extr\u00eame souplesse avec Annick Taillon, form\u00e9e par <em>Les<\/em> <em>Grands Ballets canadiens<\/em>, 2011-2015.<\/li><\/ul><\/div><\/div>\n\t\t\t\t<\/div>\n\t\t\t\t<\/div>\n\t\t\t\t\t\t<\/div>\n\t\t\t\t\t<\/div>\n\t\t<\/div>\n\t\t\t\t<div class=\"elementor-column elementor-col-50 elementor-top-column elementor-element elementor-element-7497579\" data-id=\"7497579\" data-element_type=\"column\">\n\t\t\t<div class=\"elementor-column-wrap elementor-element-populated\">\n\t\t\t\t\t\t\t<div class=\"elementor-widget-wrap\">\n\t\t\t\t\t\t<div class=\"elementor-element elementor-element-c54bbb9 elementor-widget elementor-widget-text-editor\" data-id=\"c54bbb9\" data-element_type=\"widget\" data-widget_type=\"text-editor.default\">\n\t\t\t\t<div class=\"elementor-widget-container\">\n\t\t\t\t\t<div class=\"elementor-text-editor elementor-clearfix\"><p><strong>\u2022 EXP\u00c9RIENCES SUR SC\u00c8NE ET CR\u00c9ATION DE NUM\u00c9ROS<\/strong><\/p><ul><li style=\"list-style-type: none;\"><ul><li><span style=\"font-weight: 400;\">Danseuse pour la cr\u00e9ation: <\/span><i><span style=\"font-weight: 400;\">Threesixnine <\/span><\/i><span style=\"font-weight: 400;\">de <\/span><i><span style=\"font-weight: 400;\">Tentacle Tribe <\/span><\/i><span style=\"font-weight: 400;\">\u00e0 <\/span><i><span style=\"font-weight: 400;\">Transformation danse<\/span><\/i><span style=\"font-weight: 400;\">, juin 2018.<\/span><\/li><li>Danseuse\/interpr\u00e8te et \u00e9quilibriste pour le spectacle des sorci\u00e8res \u00ab<em> Gamine <\/em>\u00bb dirig\u00e9 par \u00c9liane Bonin, mai 2017.<\/li><li>Num\u00e9ro d\u2019\u00e9quilibres \u00ab\u00a0<em>\u00c9chappatoire<\/em> \u00bb, pour le spectacle de la prison \u00ab\u00a0<em>La Cellule<\/em> \u00bb dirig\u00e9 par Martin Frenette, mai 2016.<\/li><li><span style=\"font-weight: 400;\">Interpr\u00e8te chez <\/span><i><span style=\"font-weight: 400;\">DAC<\/span><\/i><span style=\"font-weight: 400;\"> : extrait de l\u2019atelier de James O\u2019Hara : soir\u00e9e-b\u00e9n\u00e9fice<\/span><i><span style=\"font-weight: 400;\"> Th\u00e9\u00e2tre Rialto<\/span><\/i><span style=\"font-weight: 400;\">, septembre 2015.<\/span><\/li><li><em>Chor\u00e9graphe de la pi\u00e8ce: M\u00e9tamorphauve <\/em>au spectacle du programme de danse, C\u00e9gep de St-Laurent, d\u00e9cembre 2013.<\/li><li><span style=\"font-weight: 400;\">Danseuse et \u00e9quilibriste : Soir\u00e9e-b\u00e9n\u00e9fice du projet <\/span><i><span style=\"font-weight: 400;\">Cirquium <\/span><\/i><span style=\"font-weight: 400;\">pour la pr\u00e9sentation du num\u00e9ro : <\/span><i><span style=\"font-weight: 400;\">Papillon, <\/span><\/i><span style=\"font-weight: 400;\">mai 2012.<\/span><\/li><\/ul><\/li><\/ul><p><strong>\u2022 EXP\u00c9RIENCES CONNEXES<\/strong><\/p><ul><li>Gymnastique artistique : niveau provincial P2, Tutrice : flexibilit\u00e9, \u00e9quilibres, c\u00e9gep de St-Laurent et Caserne, 2014-15<\/li><li>H\u00f4tesse VIP pour le spectacle <em>Kurios<\/em> du Cirque du Soleil au Vieux-Port de Montr\u00e9al, \u00e9t\u00e9 2014<\/li><li>Enseignante pour des ateliers chor\u00e9graphiques dans les \u00e9coles primaires de l\u2019Ontario 2018-2019.<\/li><li>Massoth\u00e9rapeute sportif au <em>Bota Bota<\/em>, <em>spa-sur-l\u2019eau <\/em>depuis octobre 2016.<\/li><\/ul><\/div>\n\t\t\t\t<\/div>\n\t\t\t\t<\/div>\n\t\t\t\t\t\t<\/div>\n\t\t\t\t\t<\/div>\n\t\t<\/div>\n\t\t\t\t\t\t\t\t<\/div>\n\t\t\t\t\t<\/div>\n\t\t<\/section>\n\t\t\t\t\t\t<\/div>\n\t\t\t\t\t\t<\/div>\n\t\t\t\t\t<\/div>\n\t\t","protected":false},"excerpt":{"rendered":"<p>AGENDA \u2022 COMPAGNIES ET EXP\u00c9RIENCES SUR SC\u00c8NE &#8211; Le Gros Orteil: BOUGE, \u00c9quilibriste, danseuse, mat chinois, 1er r\u00f4le\u00a0: L\u00e9o, \u00e2ge [&hellip;]<\/p>\n","protected":false},"author":1,"featured_media":0,"parent":0,"menu_order":0,"comment_status":"closed","ping_status":"closed","template":"page-templates\/template_page-builder.php","meta":[],"_links":{"self":[{"href":"https:\/\/aude-art.com\/index.php\/wp-json\/wp\/v2\/pages\/505"}],"collection":[{"href":"https:\/\/aude-art.com\/index.php\/wp-json\/wp\/v2\/pages"}],"about":[{"href":"https:\/\/aude-art.com\/index.php\/wp-json\/wp\/v2\/types\/page"}],"author":[{"embeddable":true,"href":"https:\/\/aude-art.com\/index.php\/wp-json\/wp\/v2\/users\/1"}],"replies":[{"embeddable":true,"href":"https:\/\/aude-art.com\/index.php\/wp-json\/wp\/v2\/comments?post=505"}],"version-history":[{"count":31,"href":"https:\/\/aude-art.com\/index.php\/wp-json\/wp\/v2\/pages\/505\/revisions"}],"predecessor-version":[{"id":2559,"href":"https:\/\/aude-art.com\/index.php\/wp-json\/wp\/v2\/pages\/505\/revisions\/2559"}],"wp:attachment":[{"href":"https:\/\/aude-art.com\/index.php\/wp-json\/wp\/v2\/media?parent=505"}],"curies":[{"name":"wp","href":"https:\/\/api.w.org\/{rel}","templated":true}]}}