{"id":664,"date":"2020-09-23T21:56:55","date_gmt":"2020-09-24T01:56:55","guid":{"rendered":"http:\/\/audeequilibres.com\/?page_id=664"},"modified":"2020-11-14T14:45:59","modified_gmt":"2020-11-14T19:45:59","slug":"photos-hot-5","status":"publish","type":"page","link":"https:\/\/aude-art.com\/index.php\/photos\/photos-hot-5\/","title":{"rendered":"Photos &#8211; Hot 5"},"content":{"rendered":"\t\t<div data-elementor-type=\"wp-post\" data-elementor-id=\"664\" class=\"elementor elementor-664\" data-elementor-settings=\"[]\">\n\t\t\t\t\t\t<div class=\"elementor-inner\">\n\t\t\t\t\t\t\t<div class=\"elementor-section-wrap\">\n\t\t\t\t\t\t\t<section class=\"elementor-section elementor-top-section elementor-element elementor-element-65db9ff elementor-section-boxed elementor-section-height-default elementor-section-height-default\" data-id=\"65db9ff\" data-element_type=\"section\" data-settings=\"{&quot;background_background&quot;:&quot;classic&quot;}\">\n\t\t\t\t\t\t<div class=\"elementor-container elementor-column-gap-default\">\n\t\t\t\t\t\t\t<div class=\"elementor-row\">\n\t\t\t\t\t<div class=\"elementor-column elementor-col-100 elementor-top-column elementor-element elementor-element-ed75ec9\" data-id=\"ed75ec9\" data-element_type=\"column\">\n\t\t\t<div class=\"elementor-column-wrap elementor-element-populated\">\n\t\t\t\t\t\t\t<div class=\"elementor-widget-wrap\">\n\t\t\t\t\t\t<div class=\"elementor-element elementor-element-866c752 elementor-widget elementor-widget-heading\" data-id=\"866c752\" data-element_type=\"widget\" data-widget_type=\"heading.default\">\n\t\t\t\t<div class=\"elementor-widget-container\">\n\t\t\t<h2 class=\"elementor-heading-title elementor-size-default\"><br>PHOTOS<\/h2>\t\t<\/div>\n\t\t\t\t<\/div>\n\t\t\t\t\t\t<\/div>\n\t\t\t\t\t<\/div>\n\t\t<\/div>\n\t\t\t\t\t\t\t\t<\/div>\n\t\t\t\t\t<\/div>\n\t\t<\/section>\n\t\t\t\t<section class=\"elementor-section elementor-top-section elementor-element elementor-element-3fac78c elementor-section-boxed elementor-section-height-default elementor-section-height-default\" data-id=\"3fac78c\" data-element_type=\"section\" data-settings=\"{&quot;background_background&quot;:&quot;classic&quot;}\">\n\t\t\t\t\t\t<div class=\"elementor-container elementor-column-gap-default\">\n\t\t\t\t\t\t\t<div class=\"elementor-row\">\n\t\t\t\t\t<div class=\"elementor-column elementor-col-100 elementor-top-column elementor-element elementor-element-adec725\" data-id=\"adec725\" data-element_type=\"column\">\n\t\t\t<div class=\"elementor-column-wrap elementor-element-populated\">\n\t\t\t\t\t\t\t<div class=\"elementor-widget-wrap\">\n\t\t\t\t\t\t<div class=\"elementor-element elementor-element-6b76b70 elementor-widget elementor-widget-text-editor\" data-id=\"6b76b70\" data-element_type=\"widget\" data-widget_type=\"text-editor.default\">\n\t\t\t\t<div class=\"elementor-widget-container\">\n\t\t\t\t\t<div class=\"elementor-text-editor elementor-clearfix\"><p><strong>Spectacle :&nbsp;<\/strong><strong>HOT 5<\/strong><\/p>\n<p>Num\u00e9ro d&rsquo;\u00e9quilibre et num\u00e9ro de danse pour le spectacle Hot 5 dans une maison gigantesque \u00e0 Toronto.<\/p>\n<p>Metteurs en sc\u00e8ne : Zoey Gould, Scotty Dont et Vovo Stein<br>Artistes : Emily Halliwell, Mike Estes, Barrett Morrison et Aude<br>Photographes : Zoey Gould et SV photography<\/p><\/div>\n\t\t\t\t<\/div>\n\t\t\t\t<\/div>\n\t\t\t\t<div class=\"elementor-element elementor-element-9064ba4 gallery-spacing-custom elementor-widget elementor-widget-image-gallery\" data-id=\"9064ba4\" data-element_type=\"widget\" data-widget_type=\"image-gallery.default\">\n\t\t\t\t<div class=\"elementor-widget-container\">\n\t\t\t\t\t<div class=\"elementor-image-gallery\">\n\t\t\t<div id='gallery-1' class='gallery galleryid-664 gallery-columns-8 gallery-size-thumbnail'><figure class='gallery-item'>\n\t\t\t<div class='gallery-icon landscape'>\n\t\t\t\t<a data-elementor-open-lightbox=\"yes\" data-elementor-lightbox-slideshow=\"9064ba4\" data-elementor-lightbox-title=\"12030301_10153482758091066_6853144500323379872_o\" href='https:\/\/aude-art.com\/wp-content\/uploads\/2020\/09\/12030301_10153482758091066_6853144500323379872_o.jpg'><img width=\"150\" height=\"150\" src=\"https:\/\/aude-art.com\/wp-content\/uploads\/2020\/09\/12030301_10153482758091066_6853144500323379872_o-150x150.jpg\" class=\"attachment-thumbnail size-thumbnail\" alt=\"\" loading=\"lazy\" srcset=\"https:\/\/aude-art.com\/wp-content\/uploads\/2020\/09\/12030301_10153482758091066_6853144500323379872_o-150x150.jpg 150w, https:\/\/aude-art.com\/wp-content\/uploads\/2020\/09\/12030301_10153482758091066_6853144500323379872_o-360x360.jpg 360w\" sizes=\"(max-width: 150px) 100vw, 150px\" \/><\/a>\n\t\t\t<\/div><\/figure><figure class='gallery-item'>\n\t\t\t<div class='gallery-icon landscape'>\n\t\t\t\t<a data-elementor-open-lightbox=\"yes\" data-elementor-lightbox-slideshow=\"9064ba4\" data-elementor-lightbox-title=\"11999089_10153476857081066_2632656094281354120_n\" href='https:\/\/aude-art.com\/wp-content\/uploads\/2020\/09\/11999089_10153476857081066_2632656094281354120_n.jpg'><img width=\"150\" height=\"150\" src=\"https:\/\/aude-art.com\/wp-content\/uploads\/2020\/09\/11999089_10153476857081066_2632656094281354120_n-150x150.jpg\" class=\"attachment-thumbnail size-thumbnail\" alt=\"\" loading=\"lazy\" srcset=\"https:\/\/aude-art.com\/wp-content\/uploads\/2020\/09\/11999089_10153476857081066_2632656094281354120_n-150x150.jpg 150w, https:\/\/aude-art.com\/wp-content\/uploads\/2020\/09\/11999089_10153476857081066_2632656094281354120_n-360x360.jpg 360w\" sizes=\"(max-width: 150px) 100vw, 150px\" \/><\/a>\n\t\t\t<\/div><\/figure><figure class='gallery-item'>\n\t\t\t<div class='gallery-icon portrait'>\n\t\t\t\t<a data-elementor-open-lightbox=\"yes\" data-elementor-lightbox-slideshow=\"9064ba4\" data-elementor-lightbox-title=\"11953413_10153472641876066_3307981582148475735_o\" href='https:\/\/aude-art.com\/wp-content\/uploads\/2020\/09\/11953413_10153472641876066_3307981582148475735_o.jpg'><img width=\"150\" height=\"150\" src=\"https:\/\/aude-art.com\/wp-content\/uploads\/2020\/09\/11953413_10153472641876066_3307981582148475735_o-150x150.jpg\" class=\"attachment-thumbnail size-thumbnail\" alt=\"\" loading=\"lazy\" srcset=\"https:\/\/aude-art.com\/wp-content\/uploads\/2020\/09\/11953413_10153472641876066_3307981582148475735_o-150x150.jpg 150w, https:\/\/aude-art.com\/wp-content\/uploads\/2020\/09\/11953413_10153472641876066_3307981582148475735_o-360x360.jpg 360w\" sizes=\"(max-width: 150px) 100vw, 150px\" \/><\/a>\n\t\t\t<\/div><\/figure><figure class='gallery-item'>\n\t\t\t<div class='gallery-icon landscape'>\n\t\t\t\t<a data-elementor-open-lightbox=\"yes\" data-elementor-lightbox-slideshow=\"9064ba4\" data-elementor-lightbox-title=\"11225327_10153491141481066_4223514849048018118_o\" href='https:\/\/aude-art.com\/wp-content\/uploads\/2020\/09\/11225327_10153491141481066_4223514849048018118_o.jpg'><img width=\"150\" height=\"150\" src=\"https:\/\/aude-art.com\/wp-content\/uploads\/2020\/09\/11225327_10153491141481066_4223514849048018118_o-150x150.jpg\" class=\"attachment-thumbnail size-thumbnail\" alt=\"\" loading=\"lazy\" srcset=\"https:\/\/aude-art.com\/wp-content\/uploads\/2020\/09\/11225327_10153491141481066_4223514849048018118_o-150x150.jpg 150w, https:\/\/aude-art.com\/wp-content\/uploads\/2020\/09\/11225327_10153491141481066_4223514849048018118_o-360x360.jpg 360w\" sizes=\"(max-width: 150px) 100vw, 150px\" \/><\/a>\n\t\t\t<\/div><\/figure><figure class='gallery-item'>\n\t\t\t<div class='gallery-icon landscape'>\n\t\t\t\t<a data-elementor-open-lightbox=\"yes\" data-elementor-lightbox-slideshow=\"9064ba4\" data-elementor-lightbox-title=\"11143733_10153471119451066_7359927803081436272_o\" href='https:\/\/aude-art.com\/wp-content\/uploads\/2020\/09\/11143733_10153471119451066_7359927803081436272_o.jpg'><img width=\"150\" height=\"150\" src=\"https:\/\/aude-art.com\/wp-content\/uploads\/2020\/09\/11143733_10153471119451066_7359927803081436272_o-150x150.jpg\" class=\"attachment-thumbnail size-thumbnail\" alt=\"\" loading=\"lazy\" srcset=\"https:\/\/aude-art.com\/wp-content\/uploads\/2020\/09\/11143733_10153471119451066_7359927803081436272_o-150x150.jpg 150w, https:\/\/aude-art.com\/wp-content\/uploads\/2020\/09\/11143733_10153471119451066_7359927803081436272_o-360x360.jpg 360w\" sizes=\"(max-width: 150px) 100vw, 150px\" \/><\/a>\n\t\t\t<\/div><\/figure><figure class='gallery-item'>\n\t\t\t<div class='gallery-icon landscape'>\n\t\t\t\t<a data-elementor-open-lightbox=\"yes\" data-elementor-lightbox-slideshow=\"9064ba4\" data-elementor-lightbox-title=\"12006294_10153613379942838_4640203905835253631_n\" href='https:\/\/aude-art.com\/wp-content\/uploads\/2020\/09\/12006294_10153613379942838_4640203905835253631_n.jpg'><img width=\"150\" height=\"150\" src=\"https:\/\/aude-art.com\/wp-content\/uploads\/2020\/09\/12006294_10153613379942838_4640203905835253631_n-150x150.jpg\" class=\"attachment-thumbnail size-thumbnail\" alt=\"\" loading=\"lazy\" srcset=\"https:\/\/aude-art.com\/wp-content\/uploads\/2020\/09\/12006294_10153613379942838_4640203905835253631_n-150x150.jpg 150w, https:\/\/aude-art.com\/wp-content\/uploads\/2020\/09\/12006294_10153613379942838_4640203905835253631_n-360x360.jpg 360w\" sizes=\"(max-width: 150px) 100vw, 150px\" \/><\/a>\n\t\t\t<\/div><\/figure><figure class='gallery-item'>\n\t\t\t<div class='gallery-icon landscape'>\n\t\t\t\t<a data-elementor-open-lightbox=\"yes\" data-elementor-lightbox-slideshow=\"9064ba4\" data-elementor-lightbox-title=\"12039376_10153493457516066_4116746214470600776_n\" href='https:\/\/aude-art.com\/wp-content\/uploads\/2020\/09\/12039376_10153493457516066_4116746214470600776_n.jpg'><img width=\"150\" height=\"150\" src=\"https:\/\/aude-art.com\/wp-content\/uploads\/2020\/09\/12039376_10153493457516066_4116746214470600776_n-150x150.jpg\" class=\"attachment-thumbnail size-thumbnail\" alt=\"\" loading=\"lazy\" srcset=\"https:\/\/aude-art.com\/wp-content\/uploads\/2020\/09\/12039376_10153493457516066_4116746214470600776_n-150x150.jpg 150w, https:\/\/aude-art.com\/wp-content\/uploads\/2020\/09\/12039376_10153493457516066_4116746214470600776_n-360x360.jpg 360w\" sizes=\"(max-width: 150px) 100vw, 150px\" \/><\/a>\n\t\t\t<\/div><\/figure><figure class='gallery-item'>\n\t\t\t<div class='gallery-icon landscape'>\n\t\t\t\t<a data-elementor-open-lightbox=\"yes\" data-elementor-lightbox-slideshow=\"9064ba4\" data-elementor-lightbox-title=\"12003317_10153474674561066_5327352170935625294_n\" href='https:\/\/aude-art.com\/wp-content\/uploads\/2020\/09\/12003317_10153474674561066_5327352170935625294_n.jpg'><img width=\"150\" height=\"150\" src=\"https:\/\/aude-art.com\/wp-content\/uploads\/2020\/09\/12003317_10153474674561066_5327352170935625294_n-150x150.jpg\" class=\"attachment-thumbnail size-thumbnail\" alt=\"\" loading=\"lazy\" srcset=\"https:\/\/aude-art.com\/wp-content\/uploads\/2020\/09\/12003317_10153474674561066_5327352170935625294_n-150x150.jpg 150w, https:\/\/aude-art.com\/wp-content\/uploads\/2020\/09\/12003317_10153474674561066_5327352170935625294_n-360x360.jpg 360w\" sizes=\"(max-width: 150px) 100vw, 150px\" \/><\/a>\n\t\t\t<\/div><\/figure><figure class='gallery-item'>\n\t\t\t<div class='gallery-icon portrait'>\n\t\t\t\t<a data-elementor-open-lightbox=\"yes\" data-elementor-lightbox-slideshow=\"9064ba4\" data-elementor-lightbox-title=\"12003888_10153474674556066_3597737472754940623_n\" href='https:\/\/aude-art.com\/wp-content\/uploads\/2020\/09\/12003888_10153474674556066_3597737472754940623_n.jpg'><img width=\"150\" height=\"150\" src=\"https:\/\/aude-art.com\/wp-content\/uploads\/2020\/09\/12003888_10153474674556066_3597737472754940623_n-150x150.jpg\" class=\"attachment-thumbnail size-thumbnail\" alt=\"\" loading=\"lazy\" srcset=\"https:\/\/aude-art.com\/wp-content\/uploads\/2020\/09\/12003888_10153474674556066_3597737472754940623_n-150x150.jpg 150w, https:\/\/aude-art.com\/wp-content\/uploads\/2020\/09\/12003888_10153474674556066_3597737472754940623_n-360x360.jpg 360w\" sizes=\"(max-width: 150px) 100vw, 150px\" \/><\/a>\n\t\t\t<\/div><\/figure><figure class='gallery-item'>\n\t\t\t<div class='gallery-icon portrait'>\n\t\t\t\t<a data-elementor-open-lightbox=\"yes\" data-elementor-lightbox-slideshow=\"9064ba4\" data-elementor-lightbox-title=\"12004881_10153474674636066_5593524402080213983_n\" href='https:\/\/aude-art.com\/wp-content\/uploads\/2020\/09\/12004881_10153474674636066_5593524402080213983_n.jpg'><img width=\"150\" height=\"150\" src=\"https:\/\/aude-art.com\/wp-content\/uploads\/2020\/09\/12004881_10153474674636066_5593524402080213983_n-150x150.jpg\" class=\"attachment-thumbnail size-thumbnail\" alt=\"\" loading=\"lazy\" srcset=\"https:\/\/aude-art.com\/wp-content\/uploads\/2020\/09\/12004881_10153474674636066_5593524402080213983_n-150x150.jpg 150w, https:\/\/aude-art.com\/wp-content\/uploads\/2020\/09\/12004881_10153474674636066_5593524402080213983_n-360x360.jpg 360w\" sizes=\"(max-width: 150px) 100vw, 150px\" \/><\/a>\n\t\t\t<\/div><\/figure><figure class='gallery-item'>\n\t\t\t<div class='gallery-icon landscape'>\n\t\t\t\t<a data-elementor-open-lightbox=\"yes\" data-elementor-lightbox-slideshow=\"9064ba4\" data-elementor-lightbox-title=\"12011326_10153474674566066_5534223008368338488_n\" href='https:\/\/aude-art.com\/wp-content\/uploads\/2020\/09\/12011326_10153474674566066_5534223008368338488_n.jpg'><img width=\"150\" height=\"150\" src=\"https:\/\/aude-art.com\/wp-content\/uploads\/2020\/09\/12011326_10153474674566066_5534223008368338488_n-150x150.jpg\" class=\"attachment-thumbnail size-thumbnail\" alt=\"\" loading=\"lazy\" srcset=\"https:\/\/aude-art.com\/wp-content\/uploads\/2020\/09\/12011326_10153474674566066_5534223008368338488_n-150x150.jpg 150w, https:\/\/aude-art.com\/wp-content\/uploads\/2020\/09\/12011326_10153474674566066_5534223008368338488_n-360x360.jpg 360w\" sizes=\"(max-width: 150px) 100vw, 150px\" \/><\/a>\n\t\t\t<\/div><\/figure><figure class='gallery-item'>\n\t\t\t<div class='gallery-icon portrait'>\n\t\t\t\t<a data-elementor-open-lightbox=\"yes\" data-elementor-lightbox-slideshow=\"9064ba4\" data-elementor-lightbox-title=\"11958198_10153482946646066_432869304264774186_o\" href='https:\/\/aude-art.com\/wp-content\/uploads\/2020\/09\/11958198_10153482946646066_432869304264774186_o.jpg'><img width=\"150\" height=\"150\" src=\"https:\/\/aude-art.com\/wp-content\/uploads\/2020\/09\/11958198_10153482946646066_432869304264774186_o-150x150.jpg\" class=\"attachment-thumbnail size-thumbnail\" alt=\"\" loading=\"lazy\" srcset=\"https:\/\/aude-art.com\/wp-content\/uploads\/2020\/09\/11958198_10153482946646066_432869304264774186_o-150x150.jpg 150w, https:\/\/aude-art.com\/wp-content\/uploads\/2020\/09\/11958198_10153482946646066_432869304264774186_o-360x360.jpg 360w\" sizes=\"(max-width: 150px) 100vw, 150px\" \/><\/a>\n\t\t\t<\/div><\/figure><figure class='gallery-item'>\n\t\t\t<div class='gallery-icon portrait'>\n\t\t\t\t<a data-elementor-open-lightbox=\"yes\" data-elementor-lightbox-slideshow=\"9064ba4\" data-elementor-lightbox-title=\"12017665_10153492772741066_6544940883096450929_o\" href='https:\/\/aude-art.com\/wp-content\/uploads\/2020\/09\/12017665_10153492772741066_6544940883096450929_o.jpg'><img width=\"150\" height=\"150\" src=\"https:\/\/aude-art.com\/wp-content\/uploads\/2020\/09\/12017665_10153492772741066_6544940883096450929_o-150x150.jpg\" class=\"attachment-thumbnail size-thumbnail\" alt=\"\" loading=\"lazy\" srcset=\"https:\/\/aude-art.com\/wp-content\/uploads\/2020\/09\/12017665_10153492772741066_6544940883096450929_o-150x150.jpg 150w, https:\/\/aude-art.com\/wp-content\/uploads\/2020\/09\/12017665_10153492772741066_6544940883096450929_o-360x360.jpg 360w\" sizes=\"(max-width: 150px) 100vw, 150px\" \/><\/a>\n\t\t\t<\/div><\/figure><figure class='gallery-item'>\n\t\t\t<div class='gallery-icon landscape'>\n\t\t\t\t<a data-elementor-open-lightbox=\"yes\" data-elementor-lightbox-slideshow=\"9064ba4\" data-elementor-lightbox-title=\"12022520_10153492773806066_6221343674852218743_o\" href='https:\/\/aude-art.com\/wp-content\/uploads\/2020\/09\/12022520_10153492773806066_6221343674852218743_o.jpg'><img width=\"150\" height=\"150\" src=\"https:\/\/aude-art.com\/wp-content\/uploads\/2020\/09\/12022520_10153492773806066_6221343674852218743_o-150x150.jpg\" class=\"attachment-thumbnail size-thumbnail\" alt=\"\" loading=\"lazy\" srcset=\"https:\/\/aude-art.com\/wp-content\/uploads\/2020\/09\/12022520_10153492773806066_6221343674852218743_o-150x150.jpg 150w, https:\/\/aude-art.com\/wp-content\/uploads\/2020\/09\/12022520_10153492773806066_6221343674852218743_o-360x360.jpg 360w\" sizes=\"(max-width: 150px) 100vw, 150px\" \/><\/a>\n\t\t\t<\/div><\/figure><figure class='gallery-item'>\n\t\t\t<div class='gallery-icon portrait'>\n\t\t\t\t<a data-elementor-open-lightbox=\"yes\" data-elementor-lightbox-slideshow=\"9064ba4\" data-elementor-lightbox-title=\"11999020_10153748734377494_6633616771065280083_n\" href='https:\/\/aude-art.com\/wp-content\/uploads\/2020\/09\/11999020_10153748734377494_6633616771065280083_n.jpg'><img width=\"150\" height=\"150\" src=\"https:\/\/aude-art.com\/wp-content\/uploads\/2020\/09\/11999020_10153748734377494_6633616771065280083_n-150x150.jpg\" class=\"attachment-thumbnail size-thumbnail\" alt=\"\" loading=\"lazy\" srcset=\"https:\/\/aude-art.com\/wp-content\/uploads\/2020\/09\/11999020_10153748734377494_6633616771065280083_n-150x150.jpg 150w, https:\/\/aude-art.com\/wp-content\/uploads\/2020\/09\/11999020_10153748734377494_6633616771065280083_n-360x360.jpg 360w\" sizes=\"(max-width: 150px) 100vw, 150px\" \/><\/a>\n\t\t\t<\/div><\/figure><figure class='gallery-item'>\n\t\t\t<div class='gallery-icon landscape'>\n\t\t\t\t<a data-elementor-open-lightbox=\"yes\" data-elementor-lightbox-slideshow=\"9064ba4\" data-elementor-lightbox-title=\"12030383_10153492773741066_1230339380576443134_o\" href='https:\/\/aude-art.com\/wp-content\/uploads\/2020\/09\/12030383_10153492773741066_1230339380576443134_o.jpg'><img width=\"150\" height=\"150\" src=\"https:\/\/aude-art.com\/wp-content\/uploads\/2020\/09\/12030383_10153492773741066_1230339380576443134_o-150x150.jpg\" class=\"attachment-thumbnail size-thumbnail\" alt=\"\" loading=\"lazy\" srcset=\"https:\/\/aude-art.com\/wp-content\/uploads\/2020\/09\/12030383_10153492773741066_1230339380576443134_o-150x150.jpg 150w, https:\/\/aude-art.com\/wp-content\/uploads\/2020\/09\/12030383_10153492773741066_1230339380576443134_o-360x360.jpg 360w\" sizes=\"(max-width: 150px) 100vw, 150px\" \/><\/a>\n\t\t\t<\/div><\/figure><figure class='gallery-item'>\n\t\t\t<div class='gallery-icon landscape'>\n\t\t\t\t<a data-elementor-open-lightbox=\"yes\" data-elementor-lightbox-slideshow=\"9064ba4\" data-elementor-lightbox-title=\"12002263_10153486340236066_1960677387758669720_n\" href='https:\/\/aude-art.com\/wp-content\/uploads\/2020\/09\/12002263_10153486340236066_1960677387758669720_n.jpg'><img width=\"150\" height=\"150\" src=\"https:\/\/aude-art.com\/wp-content\/uploads\/2020\/09\/12002263_10153486340236066_1960677387758669720_n-150x150.jpg\" class=\"attachment-thumbnail size-thumbnail\" alt=\"\" loading=\"lazy\" srcset=\"https:\/\/aude-art.com\/wp-content\/uploads\/2020\/09\/12002263_10153486340236066_1960677387758669720_n-150x150.jpg 150w, https:\/\/aude-art.com\/wp-content\/uploads\/2020\/09\/12002263_10153486340236066_1960677387758669720_n-360x360.jpg 360w\" sizes=\"(max-width: 150px) 100vw, 150px\" \/><\/a>\n\t\t\t<\/div><\/figure>\n\t\t<\/div>\n\t\t<\/div>\n\t\t\t\t<\/div>\n\t\t\t\t<\/div>\n\t\t\t\t\t\t<\/div>\n\t\t\t\t\t<\/div>\n\t\t<\/div>\n\t\t\t\t\t\t\t\t<\/div>\n\t\t\t\t\t<\/div>\n\t\t<\/section>\n\t\t\t\t<section class=\"elementor-section elementor-top-section elementor-element elementor-element-d8dc797 elementor-section-boxed elementor-section-height-default elementor-section-height-default\" data-id=\"d8dc797\" data-element_type=\"section\" data-settings=\"{&quot;background_background&quot;:&quot;classic&quot;}\">\n\t\t\t\t\t\t<div class=\"elementor-container elementor-column-gap-default\">\n\t\t\t\t\t\t\t<div class=\"elementor-row\">\n\t\t\t\t\t<div class=\"elementor-column elementor-col-100 elementor-top-column elementor-element elementor-element-8f1b477\" data-id=\"8f1b477\" data-element_type=\"column\">\n\t\t\t<div class=\"elementor-column-wrap elementor-element-populated\">\n\t\t\t\t\t\t\t<div class=\"elementor-widget-wrap\">\n\t\t\t\t\t\t<div class=\"elementor-element elementor-element-f68e607 elementor-button-success elementor-align-center elementor-widget elementor-widget-button\" data-id=\"f68e607\" data-element_type=\"widget\" data-widget_type=\"button.default\">\n\t\t\t\t<div class=\"elementor-widget-container\">\n\t\t\t\t\t<div class=\"elementor-button-wrapper\">\n\t\t\t<a href=\"http:\/\/audeequilibres.com\/index.php\/photos\/\" class=\"elementor-button-link elementor-button elementor-size-md\" role=\"button\">\n\t\t\t\t\t\t<span class=\"elementor-button-content-wrapper\">\n\t\t\t\t\t\t<span class=\"elementor-button-text\">RETOUR <\/span>\n\t\t<\/span>\n\t\t\t\t\t<\/a>\n\t\t<\/div>\n\t\t\t\t<\/div>\n\t\t\t\t<\/div>\n\t\t\t\t\t\t<\/div>\n\t\t\t\t\t<\/div>\n\t\t<\/div>\n\t\t\t\t\t\t\t\t<\/div>\n\t\t\t\t\t<\/div>\n\t\t<\/section>\n\t\t\t\t\t\t<\/div>\n\t\t\t\t\t\t<\/div>\n\t\t\t\t\t<\/div>\n\t\t","protected":false},"excerpt":{"rendered":"<p>PHOTOS Spectacle :&nbsp;HOT 5 Num\u00e9ro d&rsquo;\u00e9quilibre et num\u00e9ro de danse pour le spectacle Hot 5 dans une maison gigantesque \u00e0 [&hellip;]<\/p>\n","protected":false},"author":1,"featured_media":0,"parent":560,"menu_order":0,"comment_status":"closed","ping_status":"closed","template":"page-templates\/template_page-builder.php","meta":[],"_links":{"self":[{"href":"https:\/\/aude-art.com\/index.php\/wp-json\/wp\/v2\/pages\/664"}],"collection":[{"href":"https:\/\/aude-art.com\/index.php\/wp-json\/wp\/v2\/pages"}],"about":[{"href":"https:\/\/aude-art.com\/index.php\/wp-json\/wp\/v2\/types\/page"}],"author":[{"embeddable":true,"href":"https:\/\/aude-art.com\/index.php\/wp-json\/wp\/v2\/users\/1"}],"replies":[{"embeddable":true,"href":"https:\/\/aude-art.com\/index.php\/wp-json\/wp\/v2\/comments?post=664"}],"version-history":[{"count":7,"href":"https:\/\/aude-art.com\/index.php\/wp-json\/wp\/v2\/pages\/664\/revisions"}],"predecessor-version":[{"id":2235,"href":"https:\/\/aude-art.com\/index.php\/wp-json\/wp\/v2\/pages\/664\/revisions\/2235"}],"up":[{"embeddable":true,"href":"https:\/\/aude-art.com\/index.php\/wp-json\/wp\/v2\/pages\/560"}],"wp:attachment":[{"href":"https:\/\/aude-art.com\/index.php\/wp-json\/wp\/v2\/media?parent=664"}],"curies":[{"name":"wp","href":"https:\/\/api.w.org\/{rel}","templated":true}]}}