{"id":799,"date":"2020-09-23T22:20:57","date_gmt":"2020-09-24T02:20:57","guid":{"rendered":"http:\/\/audeequilibres.com\/?page_id=799"},"modified":"2020-11-14T15:05:09","modified_gmt":"2020-11-14T20:05:09","slug":"photos-presentation","status":"publish","type":"page","link":"https:\/\/aude-art.com\/index.php\/photos\/photos-presentation\/","title":{"rendered":"Photos &#8211; Pr\u00e9sentation"},"content":{"rendered":"\t\t<div data-elementor-type=\"wp-post\" data-elementor-id=\"799\" class=\"elementor elementor-799\" data-elementor-settings=\"[]\">\n\t\t\t\t\t\t<div class=\"elementor-inner\">\n\t\t\t\t\t\t\t<div class=\"elementor-section-wrap\">\n\t\t\t\t\t\t\t<section class=\"elementor-section elementor-top-section elementor-element elementor-element-65db9ff elementor-section-boxed elementor-section-height-default elementor-section-height-default\" data-id=\"65db9ff\" data-element_type=\"section\" data-settings=\"{&quot;background_background&quot;:&quot;classic&quot;}\">\n\t\t\t\t\t\t<div class=\"elementor-container elementor-column-gap-default\">\n\t\t\t\t\t\t\t<div class=\"elementor-row\">\n\t\t\t\t\t<div class=\"elementor-column elementor-col-100 elementor-top-column elementor-element elementor-element-ed75ec9\" data-id=\"ed75ec9\" data-element_type=\"column\">\n\t\t\t<div class=\"elementor-column-wrap elementor-element-populated\">\n\t\t\t\t\t\t\t<div class=\"elementor-widget-wrap\">\n\t\t\t\t\t\t<div class=\"elementor-element elementor-element-866c752 elementor-widget elementor-widget-heading\" data-id=\"866c752\" data-element_type=\"widget\" data-widget_type=\"heading.default\">\n\t\t\t\t<div class=\"elementor-widget-container\">\n\t\t\t<h2 class=\"elementor-heading-title elementor-size-default\"><br>PHOTOS<\/h2>\t\t<\/div>\n\t\t\t\t<\/div>\n\t\t\t\t\t\t<\/div>\n\t\t\t\t\t<\/div>\n\t\t<\/div>\n\t\t\t\t\t\t\t\t<\/div>\n\t\t\t\t\t<\/div>\n\t\t<\/section>\n\t\t\t\t<section class=\"elementor-section elementor-top-section elementor-element elementor-element-3fac78c elementor-section-boxed elementor-section-height-default elementor-section-height-default\" data-id=\"3fac78c\" data-element_type=\"section\" data-settings=\"{&quot;background_background&quot;:&quot;classic&quot;}\">\n\t\t\t\t\t\t<div class=\"elementor-container elementor-column-gap-default\">\n\t\t\t\t\t\t\t<div class=\"elementor-row\">\n\t\t\t\t\t<div class=\"elementor-column elementor-col-100 elementor-top-column elementor-element elementor-element-adec725\" data-id=\"adec725\" data-element_type=\"column\">\n\t\t\t<div class=\"elementor-column-wrap elementor-element-populated\">\n\t\t\t\t\t\t\t<div class=\"elementor-widget-wrap\">\n\t\t\t\t\t\t<div class=\"elementor-element elementor-element-6b76b70 elementor-widget elementor-widget-text-editor\" data-id=\"6b76b70\" data-element_type=\"widget\" data-widget_type=\"text-editor.default\">\n\t\t\t\t<div class=\"elementor-widget-container\">\n\t\t\t\t\t<div class=\"elementor-text-editor elementor-clearfix\"><p><strong>Pr\u00e9sentation : Salle \u00c9mile-Legault<br \/><\/strong><\/p><p>Num\u00e9ro d&rsquo;\u00e9quilibres \u00e0 la salle \u00c9mile-Legault<br \/>Lieu : C\u00e9gep de Saint-Laurent<\/p><\/div>\n\t\t\t\t<\/div>\n\t\t\t\t<\/div>\n\t\t\t\t<div class=\"elementor-element elementor-element-9064ba4 gallery-spacing-custom elementor-widget elementor-widget-image-gallery\" data-id=\"9064ba4\" data-element_type=\"widget\" data-widget_type=\"image-gallery.default\">\n\t\t\t\t<div class=\"elementor-widget-container\">\n\t\t\t\t\t<div class=\"elementor-image-gallery\">\n\t\t\t<div id='gallery-1' class='gallery galleryid-799 gallery-columns-8 gallery-size-thumbnail'><figure class='gallery-item'>\n\t\t\t<div class='gallery-icon landscape'>\n\t\t\t\t<a data-elementor-open-lightbox=\"yes\" data-elementor-lightbox-slideshow=\"9064ba4\" data-elementor-lightbox-title=\"26735167_10156110454579636_416042865_o\" href='https:\/\/aude-art.com\/wp-content\/uploads\/2020\/09\/26735167_10156110454579636_416042865_o.png'><img width=\"150\" height=\"150\" src=\"https:\/\/aude-art.com\/wp-content\/uploads\/2020\/09\/26735167_10156110454579636_416042865_o-150x150.png\" class=\"attachment-thumbnail size-thumbnail\" alt=\"\" loading=\"lazy\" srcset=\"https:\/\/aude-art.com\/wp-content\/uploads\/2020\/09\/26735167_10156110454579636_416042865_o-150x150.png 150w, https:\/\/aude-art.com\/wp-content\/uploads\/2020\/09\/26735167_10156110454579636_416042865_o-360x360.png 360w\" sizes=\"(max-width: 150px) 100vw, 150px\" \/><\/a>\n\t\t\t<\/div><\/figure><figure class='gallery-item'>\n\t\t\t<div class='gallery-icon landscape'>\n\t\t\t\t<a data-elementor-open-lightbox=\"yes\" data-elementor-lightbox-slideshow=\"9064ba4\" data-elementor-lightbox-title=\"26732495_10156110454569636_1391682562_o\" href='https:\/\/aude-art.com\/wp-content\/uploads\/2020\/09\/26732495_10156110454569636_1391682562_o.png'><img width=\"150\" height=\"150\" src=\"https:\/\/aude-art.com\/wp-content\/uploads\/2020\/09\/26732495_10156110454569636_1391682562_o-150x150.png\" class=\"attachment-thumbnail size-thumbnail\" alt=\"\" loading=\"lazy\" srcset=\"https:\/\/aude-art.com\/wp-content\/uploads\/2020\/09\/26732495_10156110454569636_1391682562_o-150x150.png 150w, https:\/\/aude-art.com\/wp-content\/uploads\/2020\/09\/26732495_10156110454569636_1391682562_o-360x360.png 360w\" sizes=\"(max-width: 150px) 100vw, 150px\" \/><\/a>\n\t\t\t<\/div><\/figure><figure class='gallery-item'>\n\t\t\t<div class='gallery-icon landscape'>\n\t\t\t\t<a data-elementor-open-lightbox=\"yes\" data-elementor-lightbox-slideshow=\"9064ba4\" data-elementor-lightbox-title=\"26238978_1274068132723636_1128148095472637589_n\" href='https:\/\/aude-art.com\/wp-content\/uploads\/2020\/09\/26238978_1274068132723636_1128148095472637589_n.png'><img width=\"150\" height=\"150\" src=\"https:\/\/aude-art.com\/wp-content\/uploads\/2020\/09\/26238978_1274068132723636_1128148095472637589_n-150x150.png\" class=\"attachment-thumbnail size-thumbnail\" alt=\"\" loading=\"lazy\" srcset=\"https:\/\/aude-art.com\/wp-content\/uploads\/2020\/09\/26238978_1274068132723636_1128148095472637589_n-150x150.png 150w, https:\/\/aude-art.com\/wp-content\/uploads\/2020\/09\/26238978_1274068132723636_1128148095472637589_n-300x300.png 300w, https:\/\/aude-art.com\/wp-content\/uploads\/2020\/09\/26238978_1274068132723636_1128148095472637589_n-768x768.png 768w, https:\/\/aude-art.com\/wp-content\/uploads\/2020\/09\/26238978_1274068132723636_1128148095472637589_n-720x720.png 720w, https:\/\/aude-art.com\/wp-content\/uploads\/2020\/09\/26238978_1274068132723636_1128148095472637589_n-360x360.png 360w, https:\/\/aude-art.com\/wp-content\/uploads\/2020\/09\/26238978_1274068132723636_1128148095472637589_n.png 926w\" sizes=\"(max-width: 150px) 100vw, 150px\" \/><\/a>\n\t\t\t<\/div><\/figure><figure class='gallery-item'>\n\t\t\t<div class='gallery-icon landscape'>\n\t\t\t\t<a data-elementor-open-lightbox=\"yes\" data-elementor-lightbox-slideshow=\"9064ba4\" data-elementor-lightbox-title=\"image (6)\" href='https:\/\/aude-art.com\/wp-content\/uploads\/2020\/09\/image-6.png'><img width=\"150\" height=\"150\" src=\"https:\/\/aude-art.com\/wp-content\/uploads\/2020\/09\/image-6-150x150.png\" class=\"attachment-thumbnail size-thumbnail\" alt=\"\" loading=\"lazy\" srcset=\"https:\/\/aude-art.com\/wp-content\/uploads\/2020\/09\/image-6-150x150.png 150w, https:\/\/aude-art.com\/wp-content\/uploads\/2020\/09\/image-6-360x360.png 360w\" sizes=\"(max-width: 150px) 100vw, 150px\" \/><\/a>\n\t\t\t<\/div><\/figure><figure class='gallery-item'>\n\t\t\t<div class='gallery-icon landscape'>\n\t\t\t\t<a data-elementor-open-lightbox=\"yes\" data-elementor-lightbox-slideshow=\"9064ba4\" data-elementor-lightbox-title=\"26233349_10155340590999211_1382083438851648141_o\" href='https:\/\/aude-art.com\/wp-content\/uploads\/2020\/09\/26233349_10155340590999211_1382083438851648141_o.jpg'><img width=\"150\" height=\"150\" src=\"https:\/\/aude-art.com\/wp-content\/uploads\/2020\/09\/26233349_10155340590999211_1382083438851648141_o-150x150.jpg\" class=\"attachment-thumbnail size-thumbnail\" alt=\"\" loading=\"lazy\" srcset=\"https:\/\/aude-art.com\/wp-content\/uploads\/2020\/09\/26233349_10155340590999211_1382083438851648141_o-150x150.jpg 150w, https:\/\/aude-art.com\/wp-content\/uploads\/2020\/09\/26233349_10155340590999211_1382083438851648141_o-300x300.jpg 300w, https:\/\/aude-art.com\/wp-content\/uploads\/2020\/09\/26233349_10155340590999211_1382083438851648141_o-768x768.jpg 768w, https:\/\/aude-art.com\/wp-content\/uploads\/2020\/09\/26233349_10155340590999211_1382083438851648141_o-720x720.jpg 720w, https:\/\/aude-art.com\/wp-content\/uploads\/2020\/09\/26233349_10155340590999211_1382083438851648141_o-360x360.jpg 360w, https:\/\/aude-art.com\/wp-content\/uploads\/2020\/09\/26233349_10155340590999211_1382083438851648141_o.jpg 963w\" sizes=\"(max-width: 150px) 100vw, 150px\" \/><\/a>\n\t\t\t<\/div><\/figure>\n\t\t<\/div>\n\t\t<\/div>\n\t\t\t\t<\/div>\n\t\t\t\t<\/div>\n\t\t\t\t\t\t<\/div>\n\t\t\t\t\t<\/div>\n\t\t<\/div>\n\t\t\t\t\t\t\t\t<\/div>\n\t\t\t\t\t<\/div>\n\t\t<\/section>\n\t\t\t\t<section class=\"elementor-section elementor-top-section elementor-element elementor-element-d8dc797 elementor-section-boxed elementor-section-height-default elementor-section-height-default\" data-id=\"d8dc797\" data-element_type=\"section\" data-settings=\"{&quot;background_background&quot;:&quot;classic&quot;}\">\n\t\t\t\t\t\t<div class=\"elementor-container elementor-column-gap-default\">\n\t\t\t\t\t\t\t<div class=\"elementor-row\">\n\t\t\t\t\t<div class=\"elementor-column elementor-col-100 elementor-top-column elementor-element elementor-element-8f1b477\" data-id=\"8f1b477\" data-element_type=\"column\">\n\t\t\t<div class=\"elementor-column-wrap elementor-element-populated\">\n\t\t\t\t\t\t\t<div class=\"elementor-widget-wrap\">\n\t\t\t\t\t\t<div class=\"elementor-element elementor-element-f68e607 elementor-button-success elementor-align-center elementor-widget elementor-widget-button\" data-id=\"f68e607\" data-element_type=\"widget\" data-widget_type=\"button.default\">\n\t\t\t\t<div class=\"elementor-widget-container\">\n\t\t\t\t\t<div class=\"elementor-button-wrapper\">\n\t\t\t<a href=\"http:\/\/audeequilibres.com\/index.php\/photos\/\" class=\"elementor-button-link elementor-button elementor-size-md\" role=\"button\">\n\t\t\t\t\t\t<span class=\"elementor-button-content-wrapper\">\n\t\t\t\t\t\t<span class=\"elementor-button-text\">RETOUR <\/span>\n\t\t<\/span>\n\t\t\t\t\t<\/a>\n\t\t<\/div>\n\t\t\t\t<\/div>\n\t\t\t\t<\/div>\n\t\t\t\t\t\t<\/div>\n\t\t\t\t\t<\/div>\n\t\t<\/div>\n\t\t\t\t\t\t\t\t<\/div>\n\t\t\t\t\t<\/div>\n\t\t<\/section>\n\t\t\t\t\t\t<\/div>\n\t\t\t\t\t\t<\/div>\n\t\t\t\t\t<\/div>\n\t\t","protected":false},"excerpt":{"rendered":"<p>PHOTOS Pr\u00e9sentation : Salle \u00c9mile-Legault Num\u00e9ro d&rsquo;\u00e9quilibres \u00e0 la salle \u00c9mile-LegaultLieu : C\u00e9gep de Saint-Laurent RETOUR<\/p>\n","protected":false},"author":1,"featured_media":0,"parent":560,"menu_order":0,"comment_status":"closed","ping_status":"closed","template":"page-templates\/template_page-builder.php","meta":[],"_links":{"self":[{"href":"https:\/\/aude-art.com\/index.php\/wp-json\/wp\/v2\/pages\/799"}],"collection":[{"href":"https:\/\/aude-art.com\/index.php\/wp-json\/wp\/v2\/pages"}],"about":[{"href":"https:\/\/aude-art.com\/index.php\/wp-json\/wp\/v2\/types\/page"}],"author":[{"embeddable":true,"href":"https:\/\/aude-art.com\/index.php\/wp-json\/wp\/v2\/users\/1"}],"replies":[{"embeddable":true,"href":"https:\/\/aude-art.com\/index.php\/wp-json\/wp\/v2\/comments?post=799"}],"version-history":[{"count":7,"href":"https:\/\/aude-art.com\/index.php\/wp-json\/wp\/v2\/pages\/799\/revisions"}],"predecessor-version":[{"id":2247,"href":"https:\/\/aude-art.com\/index.php\/wp-json\/wp\/v2\/pages\/799\/revisions\/2247"}],"up":[{"embeddable":true,"href":"https:\/\/aude-art.com\/index.php\/wp-json\/wp\/v2\/pages\/560"}],"wp:attachment":[{"href":"https:\/\/aude-art.com\/index.php\/wp-json\/wp\/v2\/media?parent=799"}],"curies":[{"name":"wp","href":"https:\/\/api.w.org\/{rel}","templated":true}]}}