{"id":860,"date":"2020-09-23T22:31:24","date_gmt":"2020-09-24T02:31:24","guid":{"rendered":"http:\/\/audeequilibres.com\/?page_id=860"},"modified":"2020-11-14T16:48:57","modified_gmt":"2020-11-14T21:48:57","slug":"photos-vernissage","status":"publish","type":"page","link":"https:\/\/aude-art.com\/index.php\/photos\/photos-vernissage\/","title":{"rendered":"Photos &#8211; Vernissage"},"content":{"rendered":"\t\t<div data-elementor-type=\"wp-post\" data-elementor-id=\"860\" class=\"elementor elementor-860\" data-elementor-settings=\"[]\">\n\t\t\t\t\t\t<div class=\"elementor-inner\">\n\t\t\t\t\t\t\t<div class=\"elementor-section-wrap\">\n\t\t\t\t\t\t\t<section class=\"elementor-section elementor-top-section elementor-element elementor-element-65db9ff elementor-section-boxed elementor-section-height-default elementor-section-height-default\" data-id=\"65db9ff\" data-element_type=\"section\" data-settings=\"{&quot;background_background&quot;:&quot;classic&quot;}\">\n\t\t\t\t\t\t<div class=\"elementor-container elementor-column-gap-default\">\n\t\t\t\t\t\t\t<div class=\"elementor-row\">\n\t\t\t\t\t<div class=\"elementor-column elementor-col-100 elementor-top-column elementor-element elementor-element-ed75ec9\" data-id=\"ed75ec9\" data-element_type=\"column\">\n\t\t\t<div class=\"elementor-column-wrap elementor-element-populated\">\n\t\t\t\t\t\t\t<div class=\"elementor-widget-wrap\">\n\t\t\t\t\t\t<div class=\"elementor-element elementor-element-866c752 elementor-widget elementor-widget-heading\" data-id=\"866c752\" data-element_type=\"widget\" data-widget_type=\"heading.default\">\n\t\t\t\t<div class=\"elementor-widget-container\">\n\t\t\t<h2 class=\"elementor-heading-title elementor-size-default\"><br>PHOTOS<\/h2>\t\t<\/div>\n\t\t\t\t<\/div>\n\t\t\t\t\t\t<\/div>\n\t\t\t\t\t<\/div>\n\t\t<\/div>\n\t\t\t\t\t\t\t\t<\/div>\n\t\t\t\t\t<\/div>\n\t\t<\/section>\n\t\t\t\t<section class=\"elementor-section elementor-top-section elementor-element elementor-element-3fac78c elementor-section-boxed elementor-section-height-default elementor-section-height-default\" data-id=\"3fac78c\" data-element_type=\"section\" data-settings=\"{&quot;background_background&quot;:&quot;classic&quot;}\">\n\t\t\t\t\t\t<div class=\"elementor-container elementor-column-gap-default\">\n\t\t\t\t\t\t\t<div class=\"elementor-row\">\n\t\t\t\t\t<div class=\"elementor-column elementor-col-100 elementor-top-column elementor-element elementor-element-adec725\" data-id=\"adec725\" data-element_type=\"column\">\n\t\t\t<div class=\"elementor-column-wrap elementor-element-populated\">\n\t\t\t\t\t\t\t<div class=\"elementor-widget-wrap\">\n\t\t\t\t\t\t<div class=\"elementor-element elementor-element-6b76b70 elementor-widget elementor-widget-text-editor\" data-id=\"6b76b70\" data-element_type=\"widget\" data-widget_type=\"text-editor.default\">\n\t\t\t\t<div class=\"elementor-widget-container\">\n\t\t\t\t\t<div class=\"elementor-text-editor elementor-clearfix\"><p><strong>Vernissage : 150 raisons d\u2019\u00eatre canadien<br \/><\/strong><\/p><p>Pr\u00e9sentation d&rsquo;un num\u00e9ro d&rsquo;\u00e9quilibres sur cannes devant le public invit\u00e9.<\/p><p>Photographe : Lee\u00e7a St Aubin et Jo-Ann Turcotte.<br \/>Lieu : Rockland, Ontario<\/p><\/div>\n\t\t\t\t<\/div>\n\t\t\t\t<\/div>\n\t\t\t\t<div class=\"elementor-element elementor-element-9064ba4 gallery-spacing-custom elementor-widget elementor-widget-image-gallery\" data-id=\"9064ba4\" data-element_type=\"widget\" data-widget_type=\"image-gallery.default\">\n\t\t\t\t<div class=\"elementor-widget-container\">\n\t\t\t\t\t<div class=\"elementor-image-gallery\">\n\t\t\t<div id='gallery-1' class='gallery galleryid-860 gallery-columns-8 gallery-size-thumbnail'><figure class='gallery-item'>\n\t\t\t<div class='gallery-icon landscape'>\n\t\t\t\t<a data-elementor-open-lightbox=\"yes\" data-elementor-lightbox-slideshow=\"9064ba4\" data-elementor-lightbox-title=\"22548624_10159361848520567_7949676656859592201_o\" href='https:\/\/aude-art.com\/wp-content\/uploads\/2020\/09\/22548624_10159361848520567_7949676656859592201_o.jpg'><img width=\"150\" height=\"150\" src=\"https:\/\/aude-art.com\/wp-content\/uploads\/2020\/09\/22548624_10159361848520567_7949676656859592201_o-150x150.jpg\" class=\"attachment-thumbnail size-thumbnail\" alt=\"\" loading=\"lazy\" srcset=\"https:\/\/aude-art.com\/wp-content\/uploads\/2020\/09\/22548624_10159361848520567_7949676656859592201_o-150x150.jpg 150w, https:\/\/aude-art.com\/wp-content\/uploads\/2020\/09\/22548624_10159361848520567_7949676656859592201_o-360x360.jpg 360w\" sizes=\"(max-width: 150px) 100vw, 150px\" \/><\/a>\n\t\t\t<\/div><\/figure><figure class='gallery-item'>\n\t\t\t<div class='gallery-icon landscape'>\n\t\t\t\t<a data-elementor-open-lightbox=\"yes\" data-elementor-lightbox-slideshow=\"9064ba4\" data-elementor-lightbox-title=\"22550421_10159361840950567_6592079027774874982_o\" href='https:\/\/aude-art.com\/wp-content\/uploads\/2020\/09\/22550421_10159361840950567_6592079027774874982_o.jpg'><img width=\"150\" height=\"150\" src=\"https:\/\/aude-art.com\/wp-content\/uploads\/2020\/09\/22550421_10159361840950567_6592079027774874982_o-150x150.jpg\" class=\"attachment-thumbnail size-thumbnail\" alt=\"\" loading=\"lazy\" srcset=\"https:\/\/aude-art.com\/wp-content\/uploads\/2020\/09\/22550421_10159361840950567_6592079027774874982_o-150x150.jpg 150w, https:\/\/aude-art.com\/wp-content\/uploads\/2020\/09\/22550421_10159361840950567_6592079027774874982_o-360x360.jpg 360w\" sizes=\"(max-width: 150px) 100vw, 150px\" \/><\/a>\n\t\t\t<\/div><\/figure><figure class='gallery-item'>\n\t\t\t<div class='gallery-icon portrait'>\n\t\t\t\t<a data-elementor-open-lightbox=\"yes\" data-elementor-lightbox-slideshow=\"9064ba4\" data-elementor-lightbox-title=\"22550510_10159361856510567_6863511560950666994_o\" href='https:\/\/aude-art.com\/wp-content\/uploads\/2020\/09\/22550510_10159361856510567_6863511560950666994_o.jpg'><img width=\"150\" height=\"150\" src=\"https:\/\/aude-art.com\/wp-content\/uploads\/2020\/09\/22550510_10159361856510567_6863511560950666994_o-150x150.jpg\" class=\"attachment-thumbnail size-thumbnail\" alt=\"\" loading=\"lazy\" srcset=\"https:\/\/aude-art.com\/wp-content\/uploads\/2020\/09\/22550510_10159361856510567_6863511560950666994_o-150x150.jpg 150w, https:\/\/aude-art.com\/wp-content\/uploads\/2020\/09\/22550510_10159361856510567_6863511560950666994_o-360x360.jpg 360w\" sizes=\"(max-width: 150px) 100vw, 150px\" \/><\/a>\n\t\t\t<\/div><\/figure><figure class='gallery-item'>\n\t\t\t<div class='gallery-icon landscape'>\n\t\t\t\t<a data-elementor-open-lightbox=\"yes\" data-elementor-lightbox-slideshow=\"9064ba4\" data-elementor-lightbox-title=\"22553058_10159361855435567_6118206757240186482_o\" href='https:\/\/aude-art.com\/wp-content\/uploads\/2020\/09\/22553058_10159361855435567_6118206757240186482_o.jpg'><img width=\"150\" height=\"150\" src=\"https:\/\/aude-art.com\/wp-content\/uploads\/2020\/09\/22553058_10159361855435567_6118206757240186482_o-150x150.jpg\" class=\"attachment-thumbnail size-thumbnail\" alt=\"\" loading=\"lazy\" srcset=\"https:\/\/aude-art.com\/wp-content\/uploads\/2020\/09\/22553058_10159361855435567_6118206757240186482_o-150x150.jpg 150w, https:\/\/aude-art.com\/wp-content\/uploads\/2020\/09\/22553058_10159361855435567_6118206757240186482_o-360x360.jpg 360w\" sizes=\"(max-width: 150px) 100vw, 150px\" \/><\/a>\n\t\t\t<\/div><\/figure><figure class='gallery-item'>\n\t\t\t<div class='gallery-icon portrait'>\n\t\t\t\t<a data-elementor-open-lightbox=\"yes\" data-elementor-lightbox-slideshow=\"9064ba4\" data-elementor-lightbox-title=\"22553254_10159361849170567_1454346478337964985_o\" href='https:\/\/aude-art.com\/wp-content\/uploads\/2020\/09\/22553254_10159361849170567_1454346478337964985_o.jpg'><img width=\"150\" height=\"150\" src=\"https:\/\/aude-art.com\/wp-content\/uploads\/2020\/09\/22553254_10159361849170567_1454346478337964985_o-150x150.jpg\" class=\"attachment-thumbnail size-thumbnail\" alt=\"\" loading=\"lazy\" srcset=\"https:\/\/aude-art.com\/wp-content\/uploads\/2020\/09\/22553254_10159361849170567_1454346478337964985_o-150x150.jpg 150w, https:\/\/aude-art.com\/wp-content\/uploads\/2020\/09\/22553254_10159361849170567_1454346478337964985_o-360x360.jpg 360w\" sizes=\"(max-width: 150px) 100vw, 150px\" \/><\/a>\n\t\t\t<\/div><\/figure><figure class='gallery-item'>\n\t\t\t<div class='gallery-icon portrait'>\n\t\t\t\t<a data-elementor-open-lightbox=\"yes\" data-elementor-lightbox-slideshow=\"9064ba4\" data-elementor-lightbox-title=\"22553387_10159361838560567_7899456200938162146_o\" href='https:\/\/aude-art.com\/wp-content\/uploads\/2020\/09\/22553387_10159361838560567_7899456200938162146_o.jpg'><img width=\"150\" height=\"150\" src=\"https:\/\/aude-art.com\/wp-content\/uploads\/2020\/09\/22553387_10159361838560567_7899456200938162146_o-150x150.jpg\" class=\"attachment-thumbnail size-thumbnail\" alt=\"\" loading=\"lazy\" srcset=\"https:\/\/aude-art.com\/wp-content\/uploads\/2020\/09\/22553387_10159361838560567_7899456200938162146_o-150x150.jpg 150w, https:\/\/aude-art.com\/wp-content\/uploads\/2020\/09\/22553387_10159361838560567_7899456200938162146_o-360x360.jpg 360w\" sizes=\"(max-width: 150px) 100vw, 150px\" \/><\/a>\n\t\t\t<\/div><\/figure><figure class='gallery-item'>\n\t\t\t<div class='gallery-icon landscape'>\n\t\t\t\t<a data-elementor-open-lightbox=\"yes\" data-elementor-lightbox-slideshow=\"9064ba4\" data-elementor-lightbox-title=\"22712285_10159361855680567_7520978060012101810_o\" href='https:\/\/aude-art.com\/wp-content\/uploads\/2020\/09\/22712285_10159361855680567_7520978060012101810_o.jpg'><img width=\"150\" height=\"150\" src=\"https:\/\/aude-art.com\/wp-content\/uploads\/2020\/09\/22712285_10159361855680567_7520978060012101810_o-150x150.jpg\" class=\"attachment-thumbnail size-thumbnail\" alt=\"\" loading=\"lazy\" srcset=\"https:\/\/aude-art.com\/wp-content\/uploads\/2020\/09\/22712285_10159361855680567_7520978060012101810_o-150x150.jpg 150w, https:\/\/aude-art.com\/wp-content\/uploads\/2020\/09\/22712285_10159361855680567_7520978060012101810_o-360x360.jpg 360w\" sizes=\"(max-width: 150px) 100vw, 150px\" \/><\/a>\n\t\t\t<\/div><\/figure><figure class='gallery-item'>\n\t\t\t<div class='gallery-icon landscape'>\n\t\t\t\t<a data-elementor-open-lightbox=\"yes\" data-elementor-lightbox-slideshow=\"9064ba4\" data-elementor-lightbox-title=\"22751463_10155606341756071_1196458372_o\" href='https:\/\/aude-art.com\/wp-content\/uploads\/2020\/09\/22751463_10155606341756071_1196458372_o.jpg'><img width=\"150\" height=\"150\" src=\"https:\/\/aude-art.com\/wp-content\/uploads\/2020\/09\/22751463_10155606341756071_1196458372_o-150x150.jpg\" class=\"attachment-thumbnail size-thumbnail\" alt=\"\" loading=\"lazy\" srcset=\"https:\/\/aude-art.com\/wp-content\/uploads\/2020\/09\/22751463_10155606341756071_1196458372_o-150x150.jpg 150w, https:\/\/aude-art.com\/wp-content\/uploads\/2020\/09\/22751463_10155606341756071_1196458372_o-360x360.jpg 360w\" sizes=\"(max-width: 150px) 100vw, 150px\" \/><\/a>\n\t\t\t<\/div><\/figure><figure class='gallery-item'>\n\t\t\t<div class='gallery-icon portrait'>\n\t\t\t\t<a data-elementor-open-lightbox=\"yes\" data-elementor-lightbox-slideshow=\"9064ba4\" data-elementor-lightbox-title=\"22711915_10155606341946071_360459544_o\" href='https:\/\/aude-art.com\/wp-content\/uploads\/2020\/09\/22711915_10155606341946071_360459544_o.jpg'><img width=\"150\" height=\"150\" src=\"https:\/\/aude-art.com\/wp-content\/uploads\/2020\/09\/22711915_10155606341946071_360459544_o-150x150.jpg\" class=\"attachment-thumbnail size-thumbnail\" alt=\"\" loading=\"lazy\" srcset=\"https:\/\/aude-art.com\/wp-content\/uploads\/2020\/09\/22711915_10155606341946071_360459544_o-150x150.jpg 150w, https:\/\/aude-art.com\/wp-content\/uploads\/2020\/09\/22711915_10155606341946071_360459544_o-360x360.jpg 360w\" sizes=\"(max-width: 150px) 100vw, 150px\" \/><\/a>\n\t\t\t<\/div><\/figure><figure class='gallery-item'>\n\t\t\t<div class='gallery-icon portrait'>\n\t\t\t\t<a data-elementor-open-lightbox=\"yes\" data-elementor-lightbox-slideshow=\"9064ba4\" data-elementor-lightbox-title=\"22766479_10155606342031071_68739068_o\" href='https:\/\/aude-art.com\/wp-content\/uploads\/2020\/09\/22766479_10155606342031071_68739068_o.jpg'><img width=\"150\" height=\"150\" src=\"https:\/\/aude-art.com\/wp-content\/uploads\/2020\/09\/22766479_10155606342031071_68739068_o-150x150.jpg\" class=\"attachment-thumbnail size-thumbnail\" alt=\"\" loading=\"lazy\" srcset=\"https:\/\/aude-art.com\/wp-content\/uploads\/2020\/09\/22766479_10155606342031071_68739068_o-150x150.jpg 150w, https:\/\/aude-art.com\/wp-content\/uploads\/2020\/09\/22766479_10155606342031071_68739068_o-360x360.jpg 360w\" sizes=\"(max-width: 150px) 100vw, 150px\" \/><\/a>\n\t\t\t<\/div><\/figure><figure class='gallery-item'>\n\t\t\t<div class='gallery-icon landscape'>\n\t\t\t\t<a data-elementor-open-lightbox=\"yes\" data-elementor-lightbox-slideshow=\"9064ba4\" data-elementor-lightbox-title=\"22768109_10155606344771071_1172831124_o\" href='https:\/\/aude-art.com\/wp-content\/uploads\/2020\/09\/22768109_10155606344771071_1172831124_o.jpg'><img width=\"150\" height=\"150\" src=\"https:\/\/aude-art.com\/wp-content\/uploads\/2020\/09\/22768109_10155606344771071_1172831124_o-150x150.jpg\" class=\"attachment-thumbnail size-thumbnail\" alt=\"\" loading=\"lazy\" srcset=\"https:\/\/aude-art.com\/wp-content\/uploads\/2020\/09\/22768109_10155606344771071_1172831124_o-150x150.jpg 150w, https:\/\/aude-art.com\/wp-content\/uploads\/2020\/09\/22768109_10155606344771071_1172831124_o-360x360.jpg 360w\" sizes=\"(max-width: 150px) 100vw, 150px\" \/><\/a>\n\t\t\t<\/div><\/figure><figure class='gallery-item'>\n\t\t\t<div class='gallery-icon portrait'>\n\t\t\t\t<a data-elementor-open-lightbox=\"yes\" data-elementor-lightbox-slideshow=\"9064ba4\" data-elementor-lightbox-title=\"22768246_10155606341206071_725949152_o\" href='https:\/\/aude-art.com\/wp-content\/uploads\/2020\/09\/22768246_10155606341206071_725949152_o.jpg'><img width=\"150\" height=\"150\" src=\"https:\/\/aude-art.com\/wp-content\/uploads\/2020\/09\/22768246_10155606341206071_725949152_o-150x150.jpg\" class=\"attachment-thumbnail size-thumbnail\" alt=\"\" loading=\"lazy\" srcset=\"https:\/\/aude-art.com\/wp-content\/uploads\/2020\/09\/22768246_10155606341206071_725949152_o-150x150.jpg 150w, https:\/\/aude-art.com\/wp-content\/uploads\/2020\/09\/22768246_10155606341206071_725949152_o-360x360.jpg 360w\" sizes=\"(max-width: 150px) 100vw, 150px\" \/><\/a>\n\t\t\t<\/div><\/figure><figure class='gallery-item'>\n\t\t\t<div class='gallery-icon landscape'>\n\t\t\t\t<a data-elementor-open-lightbox=\"yes\" data-elementor-lightbox-slideshow=\"9064ba4\" data-elementor-lightbox-title=\"1508627028813\" href='https:\/\/aude-art.com\/wp-content\/uploads\/2020\/09\/1508627028813.jpg'><img width=\"150\" height=\"150\" src=\"https:\/\/aude-art.com\/wp-content\/uploads\/2020\/09\/1508627028813-150x150.jpg\" class=\"attachment-thumbnail size-thumbnail\" alt=\"\" loading=\"lazy\" \/><\/a>\n\t\t\t<\/div><\/figure>\n\t\t<\/div>\n\t\t<\/div>\n\t\t\t\t<\/div>\n\t\t\t\t<\/div>\n\t\t\t\t\t\t<\/div>\n\t\t\t\t\t<\/div>\n\t\t<\/div>\n\t\t\t\t\t\t\t\t<\/div>\n\t\t\t\t\t<\/div>\n\t\t<\/section>\n\t\t\t\t<section class=\"elementor-section elementor-top-section elementor-element elementor-element-d8dc797 elementor-section-boxed elementor-section-height-default elementor-section-height-default\" data-id=\"d8dc797\" data-element_type=\"section\" data-settings=\"{&quot;background_background&quot;:&quot;classic&quot;}\">\n\t\t\t\t\t\t<div class=\"elementor-container elementor-column-gap-default\">\n\t\t\t\t\t\t\t<div class=\"elementor-row\">\n\t\t\t\t\t<div class=\"elementor-column elementor-col-100 elementor-top-column elementor-element elementor-element-8f1b477\" data-id=\"8f1b477\" data-element_type=\"column\">\n\t\t\t<div class=\"elementor-column-wrap elementor-element-populated\">\n\t\t\t\t\t\t\t<div class=\"elementor-widget-wrap\">\n\t\t\t\t\t\t<div class=\"elementor-element elementor-element-f68e607 elementor-button-success elementor-align-center elementor-widget elementor-widget-button\" data-id=\"f68e607\" data-element_type=\"widget\" data-widget_type=\"button.default\">\n\t\t\t\t<div class=\"elementor-widget-container\">\n\t\t\t\t\t<div class=\"elementor-button-wrapper\">\n\t\t\t<a href=\"http:\/\/audeequilibres.com\/index.php\/photos\/\" class=\"elementor-button-link elementor-button elementor-size-md\" role=\"button\">\n\t\t\t\t\t\t<span class=\"elementor-button-content-wrapper\">\n\t\t\t\t\t\t<span class=\"elementor-button-text\">RETOUR <\/span>\n\t\t<\/span>\n\t\t\t\t\t<\/a>\n\t\t<\/div>\n\t\t\t\t<\/div>\n\t\t\t\t<\/div>\n\t\t\t\t\t\t<\/div>\n\t\t\t\t\t<\/div>\n\t\t<\/div>\n\t\t\t\t\t\t\t\t<\/div>\n\t\t\t\t\t<\/div>\n\t\t<\/section>\n\t\t\t\t\t\t<\/div>\n\t\t\t\t\t\t<\/div>\n\t\t\t\t\t<\/div>\n\t\t","protected":false},"excerpt":{"rendered":"<p>PHOTOS Vernissage : 150 raisons d\u2019\u00eatre canadien Pr\u00e9sentation d&rsquo;un num\u00e9ro d&rsquo;\u00e9quilibres sur cannes devant le public invit\u00e9. Photographe : Lee\u00e7a [&hellip;]<\/p>\n","protected":false},"author":1,"featured_media":0,"parent":560,"menu_order":0,"comment_status":"closed","ping_status":"closed","template":"page-templates\/template_page-builder.php","meta":[],"_links":{"self":[{"href":"https:\/\/aude-art.com\/index.php\/wp-json\/wp\/v2\/pages\/860"}],"collection":[{"href":"https:\/\/aude-art.com\/index.php\/wp-json\/wp\/v2\/pages"}],"about":[{"href":"https:\/\/aude-art.com\/index.php\/wp-json\/wp\/v2\/types\/page"}],"author":[{"embeddable":true,"href":"https:\/\/aude-art.com\/index.php\/wp-json\/wp\/v2\/users\/1"}],"replies":[{"embeddable":true,"href":"https:\/\/aude-art.com\/index.php\/wp-json\/wp\/v2\/comments?post=860"}],"version-history":[{"count":6,"href":"https:\/\/aude-art.com\/index.php\/wp-json\/wp\/v2\/pages\/860\/revisions"}],"predecessor-version":[{"id":2257,"href":"https:\/\/aude-art.com\/index.php\/wp-json\/wp\/v2\/pages\/860\/revisions\/2257"}],"up":[{"embeddable":true,"href":"https:\/\/aude-art.com\/index.php\/wp-json\/wp\/v2\/pages\/560"}],"wp:attachment":[{"href":"https:\/\/aude-art.com\/index.php\/wp-json\/wp\/v2\/media?parent=860"}],"curies":[{"name":"wp","href":"https:\/\/api.w.org\/{rel}","templated":true}]}}